{"id":5597,"date":"2026-02-18T21:39:06","date_gmt":"2026-02-18T21:39:06","guid":{"rendered":"https:\/\/bctec.cl\/?page_id=5597"},"modified":"2026-02-23T19:00:51","modified_gmt":"2026-02-23T19:00:51","slug":"bcrisk2","status":"publish","type":"page","link":"https:\/\/bctec.cl\/en\/bcrisk2\/","title":{"rendered":"BCRISK"},"content":{"rendered":"<p>[vc_row bg_color=&#8221;#000000&#8243; bg_position=&#8221;center center&#8221; row_color_overlay=&#8221;#000000&#8243; border_style=&#8221;dotted&#8221; padding_top=&#8221;5&#8243; padding_left=&#8221;10&#8243; padding_right=&#8221;10&#8243;][vc_column width=&#8221;1\/2&#8243;][vc_empty_space][vc_single_image image=&#8221;1984&#8243; img_size=&#8221;full&#8221;][vc_column_text]<\/p>\n<h1><strong>BCRisk\u00ae \u2013 Predictive Risk Modelling and Analysis for Block and Panel Caving<\/strong><\/h1>\n<p>[\/vc_column_text][vc_separator color=&#8221;orange&#8221; align=&#8221;align_left&#8221; border_width=&#8221;2&#8243; el_width=&#8221;10&#8243;][vc_column_text]<\/p>\n<h4>BCRisk\u00ae is an advanced predictive analysis tool developed to quantify and anticipate critical geotechnical risks in Block and Panel Caving operations. The software integrates numerical modelling, historical data analysis, and Big Data and Machine Learning techniques to assess conditions that may lead to events such as fines inflows, water or mud ingress, and instabilities associated with the extraction process.<\/h4>\n<h4>Through systematic simulation and evaluation of extraction indicators, BCRisk\u00ae enables risk analysis to be embedded within the mine planning process, strengthening operational safety and draw control.<\/h4>\n<h4>The model can operate in full integration with tools such as FlowSim BC\u00ae and FlowSim SLC\u00ae, allowing planning, flow simulation and risk management to be addressed within a coordinated technological framework.<\/h4>\n<p>[\/vc_column_text][\/vc_column][vc_column width=&#8221;1\/2&#8243;][vc_empty_space][vc_column_text]<style type=\"text\/css\">\r\n\t\t#dae-shortcode3430-download-wrapper {\r\n\t\t\tbackground: url() !important;\r\n\t\t\tbackground-attachment: scroll !important;\r\n\t\t}\r\n\t\t#dae-shortcode3430-download-wrapper .dae-shortcode-download-file-image {\r\n\t\t\twidth: 80% !important;\r\n\t\t}\r\n\t\t#dae-shortcode3430-download-wrapper.dae-shortcode-download-wrapper-wide .dae-shortcode-download-file-image {\r\n\t\t\twidth: 40% !important;\r\n\t\t}\r\n\t\t#dae-shortcode3430-download-wrapper .dae-shortcode-download-title {\r\n\t\t\tfont-size: 15px !important;\r\n\t\t\tfont-family: Arial, Helvetica, sans-serif !important;\r\n\t\t\tcolor: #dd9933 !important;\r\n\t\t}\r\n\t\t#dae-shortcode3430-download-wrapper .dae-shortcode-download-text {\r\n\t\t\tfont-size: 12px !important;\r\n\t\t\tfont-family: Arial, Helvetica, sans-serif !important;\r\n\t\t\tcolor: #444444 !important;\r\n\t\t}\r\n\t\t#dae-shortcode3430-download-wrapper .dae-shortcode-download-text h1,\r\n\t\t#dae-shortcode3430-download-wrapper .dae-shortcode-download-text h2,\r\n\t\t#dae-shortcode3430-download-wrapper .dae-shortcode-download-text h3,\r\n\t\t#dae-shortcode3430-download-wrapper .dae-shortcode-download-text h4,\r\n\t\t#dae-shortcode3430-download-wrapper .dae-shortcode-download-text h5 {\r\n\t\t\tfont-family: Arial, Helvetica, sans-serif !important;\r\n\t\t}\r\n\t\t#dae-shortcode3430-download-wrapper .dae-shortcode-download-button {\r\n\t\t\tcolor: #dd9933 !important;\r\n\t\t\tbackground: none !important;\r\n\t\t\tfont-size: 15px !important;\r\n\t\t\tfont-family: Arial, Helvetica, sans-serif !important;\r\n\t\t\twidth: auto !important;\r\n\t\t\tpadding: 20px 8px !important;\r\n\t\t\tborder-color: #dd9933 !important;\r\n\t\t\tborder-radius: 10px !important;\r\n\t\t\t-moz-border-radius: 10px !important;\r\n\t\t\t-webkit-border-radius: 10px !important;\r\n\t\t}\r\n\t\t#dae-shortcode3430-download-wrapper .dae-shortcode-download-button:hover {\r\n\t\t\tcolor: #ffffff !important;\r\n\t\t\tbackground: #dd9933 !important;\r\n\t\t\tborder-color: #dd9933 !important;\r\n\t\t\tfont-size: 15px !important;\r\n\t\t\tfont-family: Arial, Helvetica, sans-serif !important;\r\n\t\t\twidth: auto !important;\r\n\t\t\tpadding: 20px 8px !important;\r\n\t\t\tborder-radius: 10px !important;\r\n\t\t\t-moz-border-radius: 10px !important;\r\n\t\t\t-webkit-border-radius: 10px !important;\r\n\t\t}\r\n\t\t#dae-shortcode3430-download-wrapper .dae-shortcode-register-label {\r\n\t\t\tfont-size: 18px !important;\r\n\t\t\tfont-family: Arial, Helvetica, sans-serif !important;\r\n\t\t\tcolor: #444444 !important;\r\n\t\t}\r\n\t\t#dae-shortcode3430-download-wrapper .dae-shortcode-register-icon {\r\n\t\t\theight: calc(45px + 4px) !important;\r\n\t\t\tfont-size: 15px !important;\r\n\t\t\tfont-family: Arial, Helvetica, sans-serif !important;\r\n\t\t\tpadding: 15px !important;\r\n\t\t\tcolor: #ffffff !important;\r\n\t\t\tbackground: #dd9933 !important;\r\n\t\t\tborder-radius: 10px 0 0 10px !important;\r\n\t\t\t-moz-border-radius: 10px 0 0 10px !important;\r\n\t\t\t-webkit-border-radius: 10px 0 0 10px !important;\r\n\t\t}\r\n\t\t#dae-shortcode3430-download-wrapper .dae-shortcode-register-field {\r\n\t\t\theight: calc(45px + 4px) !important;\r\n\t\t\tfont-size: 15px !important;\r\n\t\t\tfont-family: Arial, Helvetica, sans-serif !important;\r\n\t\t\tpadding: 15px !important;\r\n\t\t\tcolor: #444444 !important;\r\n\t\t\tbackground: #f9f9f9 !important;\r\n\t\t\tborder-radius: 0 10px 10px 0 !important;\r\n\t\t\t-moz-border-radius: 0 10px 10px 0 !important;\r\n\t\t\t-webkit-border-radius: 0 10px 10px 0 !important;\r\n\t\t}\r\n\t\t#dae-shortcode3430-download-wrapper .dae-shortcode-register-select-icon {\r\n\t\t\ttop: calc(50% - 7.5px) !important;\r\n\t\t\tright: 15px !important;\r\n\t\t\tfont-size: 15px !important;\r\n\t\t\tfont-family: Arial, Helvetica, sans-serif !important;\r\n\t\t\tcolor: #444444 !important;\r\n\t\t}\r\n\t\t#dae-shortcode3430-download-wrapper .dae-shortcode-register-field::-webkit-input-placeholder,\r\n\t\t#dae-shortcode3430-download-wrapper .dae-shortcode-register-field::placeholder {\r\n\t\t\tcolor: #888888 !important;\r\n\t\t\tfont-family: Arial, Helvetica, sans-serif !important;\r\n\t\t}\r\n\t\t#dae-shortcode3430-download-wrapper .dae-shortcode-register-field::-ms-input-placeholder {\r\n\t\t\tcolor: #888888 !important;\r\n\t\t\tfont-family: Arial, Helvetica, sans-serif !important;\r\n\t\t}\r\n\t\t#dae-shortcode3430-download-wrapper .dae-shortcode-register-checkbox-text {\r\n\t\t\tcolor: #444444 !important;\r\n\t\t\tfont-size: 12px !important;\r\n\t\t\tfont-family: Arial, Helvetica, sans-serif !important;\r\n\t\t}\r\n\t\t#dae-shortcode3430-download-wrapper .dae-shortcode-register-checkbox-text a {\r\n\t\t\tcolor: #dd9933 !important;\r\n\t\t}\r\n\t\t#dae-shortcode3430-download-wrapper .dae-shortcode-register-checkbox-text a:hover {\r\n\t\t\tcolor: #dd9933 !important;\r\n\t\t}\r\n\t\t#dae-shortcode3430-download-wrapper .dae-shortcode-register-submit {\r\n\t\t\tcolor: #ffffff !important;\r\n\t\t\tfont-size: 18px !important;\r\n\t\t\tfont-family: Arial, Helvetica, sans-serif !important;\r\n\t\t\tpadding: 18px !important;\r\n\t\t\tbackground: #dd9933 !important;\r\n\t\t\tborder-radius: 10px !important;\r\n\t\t\t-moz-border-radius: 10px !important;\r\n\t\t\t-webkit-border-radius: 10px !important;\r\n\t\t}\r\n\t\t#dae-shortcode3430-download-wrapper .dae-shortcode-register-submit:hover {\r\n\t\t\tcolor: #ffffff !important;\r\n\t\t\tbackground: #dd9933 !important;\r\n\t\t\tfont-size: 18px !important;\r\n\t\t\tfont-family: Arial, Helvetica, sans-serif !important;\r\n\t\t\tpadding: 18px !important;\r\n\t\t\tborder-radius: 10px !important;\r\n\t\t\t-moz-border-radius: 10px !important;\r\n\t\t\t-webkit-border-radius: 10px !important;\r\n\t\t}\r\n\t\t#dae-shortcode3430-download-wrapper .dae-shortcode-register-loading {\r\n\t\t\tcolor: #dd9933 !important;\r\n\t\t}\r\n\t\t#dae-shortcode3430-download-wrapper .dae-shortcode-register-message {\r\n\t\t\tfont-size: 16px !important;\r\n\t\t\tfont-family: Arial, Helvetica, sans-serif !important;\r\n\t\t}\r\n\t\t#dae-shortcode3430-download-wrapper .dae-shortcode-register-error {\r\n\t\t\tcolor: #dd1111 !important;\r\n\t\t}\r\n\t\t#dae-shortcode3430-download-wrapper .dae-shortcode-register-success {\r\n\t\t\tcolor: #dd9933 !important;\r\n\t\t}\r\n\t\t#dae-shortcode3430-download-wrapper .dae-shortcode-register-category-interests h4,\r\n\t\t#dae-shortcode3430-download-wrapper .dae-shortcode-register-input-wrap-interest label {\r\n\t\t\tfont-family: Arial, Helvetica, sans-serif !important;\r\n\t\t}\r\n\t\t#dae-shortcode3430-download-wrapper {\r\n\t\t\talign-items: center !important;\r\n\t\t\t-webkit-align-items: center !important;\r\n\t\t\tjustify-content: flex-start !important;\r\n\t\t\t-webkit-justify-content: flex-start !important;\r\n\t\t\t-moz-justify-content: fle-start !important;\r\n\t\t}\r\n\t\t#dae-shortcode3430-download-wrapper .dae-shortcode-download-content-wrapper,\r\n\t\t#dae-shortcode3430-download-wrapper .dae-shortcode-download-title,\r\n\t\t#dae-shortcode3430-download-wrapper .dae-shortcode-download-text,\r\n\t\t#dae-shortcode3430-download-wrapper .dae-shortcode-register-wrapper p,\r\n\t\t#dae-shortcode3430-download-wrapper .dae-shortcode-register-category-interests-wrap {\r\n\t\t\ttext-align: center !important;\r\n\t\t}\r\n\t\t#dae-shortcode3430-download-wrapper .dae-shortcode-register-field-wrap {\r\n\t\t\tjustify-content: center !important;\r\n\t\t\t-webkit-justify-content: center !important;\r\n\t\t\t-moz-justify-content: center !important;\r\n\t\t}\r\n\t\t#dae-shortcode3430-download-wrapper .dae-shortcode-register-label,\r\n\t\t#dae-shortcode3430-download-wrapper .dae-shortcode-register-message,\r\n\t\t#dae-shortcode3430-download-wrapper .dae-shortcode-register-category-interests-wrap {\r\n\t\t\tmargin: 20px auto !important;\r\n\t\t}\r\n\t\t#dae-shortcode3430-download-wrapper.dae-shortcode-download-wrapper-wide {\r\n\t\t\talign-items: center !important;\r\n\t\t\t-webkit-align-items: center !important;\r\n\t\t\tjustify-content: center !important;\r\n\t\t\t-webkit-justify-content: center !important;\r\n\t\t\t-moz-justify-content: center !important;\r\n\t\t}\r\n\t\t#dae-shortcode3430-download-wrapper.dae-shortcode-download-wrapper-wide .dae-shortcode-download-content-wrapper,\r\n\t\t#dae-shortcode3430-download-wrapper.dae-shortcode-download-wrapper-wide .dae-shortcode-download-title,\r\n\t\t#dae-shortcode3430-download-wrapper.dae-shortcode-download-wrapper-wide .dae-shortcode-download-text,\r\n\t\t#dae-shortcode3430-download-wrapper.dae-shortcode-download-wrapper-wide .dae-shortcode-register-wrapper p,\r\n\t\t#dae-shortcode3430-download-wrapper.dae-shortcode-download-wrapper-wide .dae-shortcode-register-category-interests-wrap {\r\n\t\t\ttext-align: center !important;\r\n\t\t}\r\n\t\t#dae-shortcode3430-download-wrapper.dae-shortcode-download-wrapper-wide .dae-shortcode-register-field-wrap {\r\n\t\t\tjustify-content: center !important;\r\n\t\t\t-webkit-justify-content: center !important;\r\n\t\t\t-moz-justify-content: center !important;\r\n\t\t}\r\n\t\t#dae-shortcode3430-download-wrapper.dae-shortcode-download-wrapper-wide .dae-shortcode-register-label,\r\n\t\t#dae-shortcode3430-download-wrapper.dae-shortcode-download-wrapper-wide .dae-shortcode-register-message,\r\n\t\t#dae-shortcode3430-download-wrapper.dae-shortcode-download-wrapper-wide .dae-shortcode-register-category-interests-wrap {\r\n\t\t\tmargin: 20px auto !important;\r\n\t\t}\r\n\t<\/style>\r\n\t\t<div id=\"dae-shortcode3430-download-wrapper\" class=\"dae-shortcode-download-wrapper\">\r\n\t\t\t\r\n\t\t\t<div class=\"dae-shortcode-download-content-wrapper\">\r\n\t\t\t\t<h2 class=\"dae-shortcode-download-title\">BROCHURE BC RISK<\/h2>\r\n\t\t\t\t\r\n\t\t\t\t<div class=\"dae-shortcode-download-button\">\r\n\t\t\t\t\t<span class=\"dae-shortcode-download-button-icon\"><i class=\"fas fa-download\"><\/i><\/span>\r\n\t\t\t\t\t<span class=\"dae-shortcode-download-button-text\">BROCHURE DOWNLOAD<\/span>\r\n\t\t\t\t<\/div>\r\n\t\t\t\t<div class=\"dae-shortcode-register-wrapper\">\r\n\t\t\t\t\t<p class=\"dae-shortcode-register-label\">Send download link to:<\/p>\r\n\t\t\t\t\t<form class=\"dae-shortcode-register-form\" method=\"post\" novalidate=\"novalidate\">\r\n\t\t\t\t\t\t<input type=\"hidden\" name=\"file\" value=\"BCRIsk.pdf\" \/>\r\n\t\t\t\t\t\t<div class=\"dae-shortcode-register-field-wrap\"><div class=\"dae-shortcode-register-icon\"><i class=\"fas fa-envelope\"><\/i><\/div><div class=\"dae-shortcode-register-input-wrap\"><input class=\"dae-shortcode-register-field\" type=\"email\" name=\"email\" placeholder=\"Email\" autocomplete=\"off\" \/><\/div><\/div>\r\n\t\t\t\t\t\t\r\n\t\t\t\t\t\t\r\n\t\t\t\t\t\t<p>\r\n\t\t\t\t\t\t\t<input class=\"dae-shortcode-register-submit\" type=\"submit\" value=\"Send\" \/>\r\n\t\t\t\t\t\t<\/p>\r\n\t\t\t\t\t\t<p class=\"dae-shortcode-register-loading\">\r\n\t\t\t\t\t\t\t<i class=\"fas fa-spinner fa-spin\"><\/i>\r\n\t\t\t\t\t\t<\/p>\r\n\t\t\t\t\t<\/form>\r\n\t\t\t\t\t<p class=\"dae-shortcode-register-message\"><\/p>\r\n\t\t\t\t<\/div>\r\n\t\t\t<\/div>\r\n\t\t<\/div>\r\n\t[\/vc_column_text][vc_single_image image=&#8221;2721&#8243; img_size=&#8221;full&#8221; alignment=&#8221;center&#8221;][vc_single_image image=&#8221;5646&#8243; img_size=&#8221;full&#8221; alignment=&#8221;center&#8221; css=&#8221;.vc_custom_1771872829441{padding-right: 60px !important;padding-left: 60px !important;}&#8221;][\/vc_column][\/vc_row][vc_row bg_color=&#8221;#000000&#8243; row_color_overlay=&#8221;#000000&#8243;][vc_column][vc_tta_tabs shape=&#8221;square&#8221; color=&#8221;black&#8221; gap=&#8221;1&#8243; active_section=&#8221;1&#8243; no_fill_content_area=&#8221;true&#8221; css=&#8221;.vc_custom_1771204645155{background-color: #000000 !important;background-position: center !important;background-repeat: no-repeat !important;background-size: cover !important;}&#8221;][vc_tta_section title=&#8221;BENEFITS&#8221; tab_id=&#8221;1603489482534-bca24c37-c7a4&#8243;][vc_row_inner css=&#8221;.vc_custom_1603473439164{background-color: #000000 !important;}&#8221;][vc_column_inner css=&#8221;.vc_custom_1603082778357{background-color: #000000 !important;}&#8221;][vc_column_text]<\/p>\n<h3><strong><span style=\"color: #dc982d;\">CHARACTERISTICS \/ BENEFITS<\/span><\/strong><\/h3>\n<p>[\/vc_column_text][vc_single_image image=&#8221;5667&#8243; img_size=&#8221;full&#8221; alignment=&#8221;center&#8221; css=&#8221;.vc_custom_1771808438349{background-color: #000000 !important;}&#8221;][\/vc_column_inner][\/vc_row_inner][\/vc_tta_section][vc_tta_section title=&#8221;SOFTWARE&#8221; tab_id=&#8221;1603489482823-92ed788e-14e4&#8243;][vc_row_inner css=&#8221;.vc_custom_1603472407755{background-color: #000000 !important;}&#8221;][vc_column_inner][vc_column_text]<\/p>\n<h3><strong><span style=\"color: #dc982d;\">SOFTWARE<\/span><\/strong><\/h3>\n<p>[\/vc_column_text][vc_single_image image=&#8221;4268&#8243; img_size=&#8221;full&#8221; alignment=&#8221;center&#8221; css=&#8221;.vc_custom_1659390037814{background-color: #000000 !important;}&#8221;][\/vc_column_inner][\/vc_row_inner][\/vc_tta_section][vc_tta_section title=&#8221;EXPERIENCE&#8221; tab_id=&#8221;1603489483102-5b12dad8-c31b&#8221;][vc_row_inner css=&#8221;.vc_custom_1603057348765{background-color: #000000 !important;}&#8221;][vc_column_inner css=&#8221;.vc_custom_1603071869506{border-radius: 2px !important;}&#8221;][vc_column_text]<\/p>\n<h3><strong><span style=\"color: #dc982d;\">EXPERIENCE<\/span><\/strong><\/h3>\n<p>[\/vc_column_text][vc_single_image image=&#8221;4246&#8243; img_size=&#8221;full&#8221; alignment=&#8221;center&#8221;][\/vc_column_inner][\/vc_row_inner][\/vc_tta_section][\/vc_tta_tabs][vc_empty_space height=&#8221;8px&#8221;][\/vc_column][\/vc_row][vc_row][vc_column][vc_column_text]<\/p>\n<h2><strong>BCTEC Technology Ecosystem<\/strong><\/h2>\n<p>[\/vc_column_text][vc_separator color=&#8221;orange&#8221; align=&#8221;align_left&#8221; border_width=&#8221;2&#8243; el_width=&#8221;10&#8243;][vc_column_text]<\/p>\n<h4>BCRisk\u00ae forms part of the BCTEC technology ecosystem as a specialised solution for geotechnical risk modelling and management. In combination with FlowSim BC\u00ae and FlowSim SLC\u00ae, it complements gravity flow simulation with predictive risk assessment, incorporating safety and operational control criteria directly into mine plan design.<\/h4>\n<h4>This integration enables planning, simulation and uncertainty management to be approached as a coordinated system, strengthening the technical robustness of strategic decisions.<\/h4>\n<p>[\/vc_column_text][\/vc_column][\/vc_row][vc_row][vc_column][vc_column_text]<\/p>\n<h2 style=\"text-align: center;\"><strong>Complementary products within the BCTEC ecosystem:<\/strong><\/h2>\n<p>[\/vc_column_text][vc_row_inner][vc_column_inner width=&#8221;1\/4&#8243;][\/vc_column_inner][vc_column_inner width=&#8221;1\/4&#8243;][vc_button title=&#8221;FlowSim BC&#8221; color=&#8221;primary&#8221; size=&#8221;large&#8221; position=&#8221;center&#8221; link=&#8221;url:https%3A%2F%2Fbctec.cl%2Fen%2Fflowsim2%2F|||&#8221;][\/vc_column_inner][vc_column_inner width=&#8221;1\/4&#8243;][vc_button title=&#8221;Flowsim SLC&#8221; color=&#8221;primary&#8221; size=&#8221;large&#8221; position=&#8221;center&#8221; link=&#8221;url:https%3A%2F%2Fbctec.cl%2Fen%2Fflowsim-slc2%2F|||&#8221;][\/vc_column_inner][vc_column_inner width=&#8221;1\/4&#8243;][\/vc_column_inner][\/vc_row_inner][\/vc_column][\/vc_row]<\/p>","protected":false},"excerpt":{"rendered":"<p>Our innovative and versatile software tool quantifies geomechanical risk in block or panel caving operations.\u00a0 Based on big data algorithms, applying BCRisk leads to safer, more productive and reliable operations.<\/p>\n","protected":false},"author":1,"featured_media":0,"parent":0,"menu_order":0,"comment_status":"closed","ping_status":"closed","template":"","meta":{"footnotes":""},"class_list":["post-5597","page","type-page","status-publish","hentry"],"featured_image_src":null,"yoast_head":"<!-- This site is optimized with the Yoast SEO plugin v26.9 - https:\/\/yoast.com\/product\/yoast-seo-wordpress\/ -->\n<title>BCRISK - Ingenier\u00eda y Tecnolog\u00eda para Miner\u00eda Subterr\u00e1nea<\/title>\n<meta name=\"description\" content=\"Calcula a su vez los principales indicadores de extracci\u00f3n que permiten en definitiva mejorar la eficiencia y el control del tiraje.\" \/>\n<meta name=\"robots\" content=\"index, follow, max-snippet:-1, max-image-preview:large, max-video-preview:-1\" \/>\n<link rel=\"canonical\" href=\"https:\/\/bctec.cl\/bcrisk2\/\" \/>\n<meta property=\"og:locale\" content=\"en_US\" \/>\n<meta property=\"og:type\" content=\"article\" \/>\n<meta property=\"og:title\" content=\"[:es]BCRISK2[:en]BCRISK[:] - Ingenier\u00eda y Tecnolog\u00eda para Miner\u00eda Subterr\u00e1nea\" \/>\n<meta property=\"og:description\" content=\"Calcula a su vez los principales indicadores de extracci\u00f3n que permiten en definitiva mejorar la eficiencia y el control del tiraje.\" \/>\n<meta property=\"og:url\" content=\"https:\/\/bctec.cl\/bcrisk2\/\" \/>\n<meta property=\"og:site_name\" content=\"Ingenier\u00eda y Tecnolog\u00eda para Miner\u00eda Subterr\u00e1nea\" \/>\n<meta property=\"article:modified_time\" content=\"2026-02-23T19:00:51+00:00\" \/>\n<meta name=\"twitter:card\" content=\"summary_large_image\" \/>\n<meta name=\"twitter:label1\" content=\"Est. reading time\" \/>\n\t<meta name=\"twitter:data1\" content=\"2 minutes\" \/>\n<script type=\"application\/ld+json\" class=\"yoast-schema-graph\">{\"@context\":\"https:\/\/schema.org\",\"@graph\":[{\"@type\":\"WebPage\",\"@id\":\"https:\/\/bctec.cl\/bcrisk2\/\",\"url\":\"https:\/\/bctec.cl\/bcrisk2\/\",\"name\":\"[:es]BCRISK2[:en]BCRISK[:] - Ingenier\u00eda y Tecnolog\u00eda para Miner\u00eda Subterr\u00e1nea\",\"isPartOf\":{\"@id\":\"https:\/\/bctec.cl\/#website\"},\"datePublished\":\"2026-02-18T21:39:06+00:00\",\"dateModified\":\"2026-02-23T19:00:51+00:00\",\"description\":\"Calcula a su vez los principales indicadores de extracci\u00f3n que permiten en definitiva mejorar la eficiencia y el control del tiraje.\",\"breadcrumb\":{\"@id\":\"https:\/\/bctec.cl\/bcrisk2\/#breadcrumb\"},\"inLanguage\":\"en-US\",\"potentialAction\":[{\"@type\":\"ReadAction\",\"target\":[\"https:\/\/bctec.cl\/bcrisk2\/\"]}]},{\"@type\":\"BreadcrumbList\",\"@id\":\"https:\/\/bctec.cl\/bcrisk2\/#breadcrumb\",\"itemListElement\":[{\"@type\":\"ListItem\",\"position\":1,\"name\":\"Portada\",\"item\":\"https:\/\/bctec.cl\/\"},{\"@type\":\"ListItem\",\"position\":2,\"name\":\"BCRISK2\"}]},{\"@type\":\"WebSite\",\"@id\":\"https:\/\/bctec.cl\/#website\",\"url\":\"https:\/\/bctec.cl\/\",\"name\":\"BCTEC Ingenier\u00eda y Tecnolog\u00eda\",\"description\":\"BCTEC Ingenier\u00eda y Tecnolog\u00eda\",\"publisher\":{\"@id\":\"https:\/\/bctec.cl\/#organization\"},\"potentialAction\":[{\"@type\":\"SearchAction\",\"target\":{\"@type\":\"EntryPoint\",\"urlTemplate\":\"https:\/\/bctec.cl\/?s={search_term_string}\"},\"query-input\":{\"@type\":\"PropertyValueSpecification\",\"valueRequired\":true,\"valueName\":\"search_term_string\"}}],\"inLanguage\":\"en-US\"},{\"@type\":\"Organization\",\"@id\":\"https:\/\/bctec.cl\/#organization\",\"name\":\"BCTEC Ingenier\u00eda y Tecnolog\u00eda\",\"url\":\"https:\/\/bctec.cl\/\",\"logo\":{\"@type\":\"ImageObject\",\"inLanguage\":\"en-US\",\"@id\":\"https:\/\/bctec.cl\/#\/schema\/logo\/image\/\",\"url\":\"https:\/\/bctec.cl\/wp-content\/uploads\/2022\/12\/bctec_logo.png\",\"contentUrl\":\"https:\/\/bctec.cl\/wp-content\/uploads\/2022\/12\/bctec_logo.png\",\"width\":268,\"height\":100,\"caption\":\"BCTEC Ingenier\u00eda y Tecnolog\u00eda\"},\"image\":{\"@id\":\"https:\/\/bctec.cl\/#\/schema\/logo\/image\/\"},\"sameAs\":[\"https:\/\/www.linkedin.com\/company\/bctec-engineering-and-technology\/posts\/?feedView=all\"]}]}<\/script>\n<!-- \/ Yoast SEO plugin. -->","yoast_head_json":{"title":"[:es]BCRISK2[:en]BCRISK[:] - Ingenier\u00eda y Tecnolog\u00eda para Miner\u00eda Subterr\u00e1nea","description":"Calcula a su vez los principales indicadores de extracci\u00f3n que permiten en definitiva mejorar la eficiencia y el control del tiraje.","robots":{"index":"index","follow":"follow","max-snippet":"max-snippet:-1","max-image-preview":"max-image-preview:large","max-video-preview":"max-video-preview:-1"},"canonical":"https:\/\/bctec.cl\/bcrisk2\/","og_locale":"en_US","og_type":"article","og_title":"[:es]BCRISK2[:en]BCRISK[:] - Ingenier\u00eda y Tecnolog\u00eda para Miner\u00eda Subterr\u00e1nea","og_description":"Calcula a su vez los principales indicadores de extracci\u00f3n que permiten en definitiva mejorar la eficiencia y el control del tiraje.","og_url":"https:\/\/bctec.cl\/bcrisk2\/","og_site_name":"Ingenier\u00eda y Tecnolog\u00eda para Miner\u00eda Subterr\u00e1nea","article_modified_time":"2026-02-23T19:00:51+00:00","twitter_card":"summary_large_image","twitter_misc":{"Est. reading time":"2 minutes"},"schema":{"@context":"https:\/\/schema.org","@graph":[{"@type":"WebPage","@id":"https:\/\/bctec.cl\/bcrisk2\/","url":"https:\/\/bctec.cl\/bcrisk2\/","name":"[:es]BCRISK2[:en]BCRISK[:] - Ingenier\u00eda y Tecnolog\u00eda para Miner\u00eda Subterr\u00e1nea","isPartOf":{"@id":"https:\/\/bctec.cl\/#website"},"datePublished":"2026-02-18T21:39:06+00:00","dateModified":"2026-02-23T19:00:51+00:00","description":"Calcula a su vez los principales indicadores de extracci\u00f3n que permiten en definitiva mejorar la eficiencia y el control del tiraje.","breadcrumb":{"@id":"https:\/\/bctec.cl\/bcrisk2\/#breadcrumb"},"inLanguage":"en-US","potentialAction":[{"@type":"ReadAction","target":["https:\/\/bctec.cl\/bcrisk2\/"]}]},{"@type":"BreadcrumbList","@id":"https:\/\/bctec.cl\/bcrisk2\/#breadcrumb","itemListElement":[{"@type":"ListItem","position":1,"name":"Portada","item":"https:\/\/bctec.cl\/"},{"@type":"ListItem","position":2,"name":"BCRISK2"}]},{"@type":"WebSite","@id":"https:\/\/bctec.cl\/#website","url":"https:\/\/bctec.cl\/","name":"BCTEC Ingenier\u00eda y Tecnolog\u00eda","description":"BCTEC Ingenier\u00eda y Tecnolog\u00eda","publisher":{"@id":"https:\/\/bctec.cl\/#organization"},"potentialAction":[{"@type":"SearchAction","target":{"@type":"EntryPoint","urlTemplate":"https:\/\/bctec.cl\/?s={search_term_string}"},"query-input":{"@type":"PropertyValueSpecification","valueRequired":true,"valueName":"search_term_string"}}],"inLanguage":"en-US"},{"@type":"Organization","@id":"https:\/\/bctec.cl\/#organization","name":"BCTEC Ingenier\u00eda y Tecnolog\u00eda","url":"https:\/\/bctec.cl\/","logo":{"@type":"ImageObject","inLanguage":"en-US","@id":"https:\/\/bctec.cl\/#\/schema\/logo\/image\/","url":"https:\/\/bctec.cl\/wp-content\/uploads\/2022\/12\/bctec_logo.png","contentUrl":"https:\/\/bctec.cl\/wp-content\/uploads\/2022\/12\/bctec_logo.png","width":268,"height":100,"caption":"BCTEC Ingenier\u00eda y Tecnolog\u00eda"},"image":{"@id":"https:\/\/bctec.cl\/#\/schema\/logo\/image\/"},"sameAs":["https:\/\/www.linkedin.com\/company\/bctec-engineering-and-technology\/posts\/?feedView=all"]}]}},"_links":{"self":[{"href":"https:\/\/bctec.cl\/en\/wp-json\/wp\/v2\/pages\/5597","targetHints":{"allow":["GET"]}}],"collection":[{"href":"https:\/\/bctec.cl\/en\/wp-json\/wp\/v2\/pages"}],"about":[{"href":"https:\/\/bctec.cl\/en\/wp-json\/wp\/v2\/types\/page"}],"author":[{"embeddable":true,"href":"https:\/\/bctec.cl\/en\/wp-json\/wp\/v2\/users\/1"}],"replies":[{"embeddable":true,"href":"https:\/\/bctec.cl\/en\/wp-json\/wp\/v2\/comments?post=5597"}],"version-history":[{"count":28,"href":"https:\/\/bctec.cl\/en\/wp-json\/wp\/v2\/pages\/5597\/revisions"}],"predecessor-version":[{"id":5677,"href":"https:\/\/bctec.cl\/en\/wp-json\/wp\/v2\/pages\/5597\/revisions\/5677"}],"wp:attachment":[{"href":"https:\/\/bctec.cl\/en\/wp-json\/wp\/v2\/media?parent=5597"}],"curies":[{"name":"wp","href":"https:\/\/api.w.org\/{rel}","templated":true}]}}