{"id":4979,"date":"2025-01-14T14:08:43","date_gmt":"2025-01-14T14:08:43","guid":{"rendered":"https:\/\/bctec.cl\/?page_id=4979"},"modified":"2026-02-16T14:41:02","modified_gmt":"2026-02-16T14:41:02","slug":"news","status":"publish","type":"page","link":"https:\/\/bctec.cl\/en\/news\/","title":{"rendered":"News eng"},"content":{"rendered":"<p>[vc_row][vc_column][vc_column_text]<\/p>\n<h1><strong>NEWS<\/strong><\/h1>\n<p>[\/vc_column_text][vc_separator color=&#8221;orange&#8221; align=&#8221;align_left&#8221; border_width=&#8221;2&#8243; el_width=&#8221;10&#8243;][\/vc_column][\/vc_row][vc_row][vc_column]\n\t<div class=\"child-page-wrapper recent-news-wrapper \">\n\t\t\t\t<div class=\"grid-wrapper grid-3-columns grid-row \">\n\t\t\t\t\t<div class=\"grid-item grid-sm-6 grid-md-4\">\n\t\t\t\t\t\t<div class=\"grid-thumbnail\">\n\t\t\t\t\t\t\t<a href=\"https:\/\/bctec.cl\/en\/bctec-en-geomin-mineplanning-2025\/\" title=\"BCTEC at Geomin-Mineplanning 2025\"><img loading=\"lazy\" decoding=\"async\" width=\"600\" height=\"300\" src=\"https:\/\/bctec.cl\/wp-content\/uploads\/2025\/07\/Geomin-Mineplanning-2025-600x300.jpg\" class=\"attachment-medium-thumb size-medium-thumb wp-post-image\" alt=\"\" srcset=\"https:\/\/bctec.cl\/wp-content\/uploads\/2025\/07\/Geomin-Mineplanning-2025-600x300.jpg 600w, https:\/\/bctec.cl\/wp-content\/uploads\/2025\/07\/Geomin-Mineplanning-2025-300x150.jpg 300w, https:\/\/bctec.cl\/wp-content\/uploads\/2025\/07\/Geomin-Mineplanning-2025-768x384.jpg 768w, https:\/\/bctec.cl\/wp-content\/uploads\/2025\/07\/Geomin-Mineplanning-2025-400x200.jpg 400w, https:\/\/bctec.cl\/wp-content\/uploads\/2025\/07\/Geomin-Mineplanning-2025.jpg 800w\" sizes=\"auto, (max-width: 600px) 100vw, 600px\" \/><\/a>\n\t\t\t\t\t\t<\/div>\n\t\t\t\t\t\t<h4 class=\"grid-title\"><a href=\"https:\/\/bctec.cl\/en\/bctec-en-geomin-mineplanning-2025\/\" rel=\"bookmark\">BCTEC at Geomin-Mineplanning 2025<\/a><\/h4>\n\n\t\t\t\t\t\t<div class=\"recent-news-meta\">\n\t\t\t\t\t\t\t<span class=\"post-date\"><i class=\"fa fa-file-text-o\"><\/i> <time class=\"entry-date published updated\" datetime=\"2025-06-11T17:48:40+00:00\">Wednesday June 11th, 2025<\/time><\/span>\n\t\t\t\t\t\t\t<span class=\"comments-link\"><i class=\"fa fa-comments-o\"><\/i> Comments off.<\/span>\n\t\t\t\t\t\t<\/div>\n\n\t\t\t\t\t\t<p>BCTEC had the honor of participating in Geomin \u2013 Mineplanning 2025, one of the most influential conferences for the Latin-American mining ...<\/p>\n\n\t\t\t\t\t\t<a class=\"btn btn-light btn-small\" href=\"https:\/\/bctec.cl\/en\/bctec-en-geomin-mineplanning-2025\/\" title=\"BCTEC at Geomin-Mineplanning 2025\">Read More<\/a>\n\n\t\t\t\t\t<\/div>\n\t\t\t\t\t\n\t\t\t\t\t<div class=\"grid-item grid-sm-6 grid-md-4\">\n\t\t\t\t\t\t<div class=\"grid-thumbnail\">\n\t\t\t\t\t\t\t<a href=\"https:\/\/bctec.cl\/en\/destacada-participacion-de-bctec-en-minexcellence-2024\/\" title=\"BCTEC&#8217;s outstanding participation in MinExcellence 2024\"><img loading=\"lazy\" decoding=\"async\" width=\"600\" height=\"300\" src=\"https:\/\/bctec.cl\/wp-content\/uploads\/2025\/01\/Portada-2-600x300.webp\" class=\"attachment-medium-thumb size-medium-thumb wp-post-image\" alt=\"\" srcset=\"https:\/\/bctec.cl\/wp-content\/uploads\/2025\/01\/Portada-2-600x300.webp 600w, https:\/\/bctec.cl\/wp-content\/uploads\/2025\/01\/Portada-2-400x200.webp 400w, https:\/\/bctec.cl\/wp-content\/uploads\/2025\/01\/Portada-2-800x400.webp 800w\" sizes=\"auto, (max-width: 600px) 100vw, 600px\" \/><\/a>\n\t\t\t\t\t\t<\/div>\n\t\t\t\t\t\t<h4 class=\"grid-title\"><a href=\"https:\/\/bctec.cl\/en\/destacada-participacion-de-bctec-en-minexcellence-2024\/\" rel=\"bookmark\">BCTEC&#8217;s outstanding participation in MinExcellence 2024<\/a><\/h4>\n\n\t\t\t\t\t\t<div class=\"recent-news-meta\">\n\t\t\t\t\t\t\t<span class=\"post-date\"><i class=\"fa fa-file-text-o\"><\/i> <time class=\"entry-date published updated\" datetime=\"2024-12-31T15:26:06+00:00\">Tuesday December 31st, 2024<\/time><\/span>\n\t\t\t\t\t\t\t<span class=\"comments-link\"><i class=\"fa fa-comments-o\"><\/i> Comments off.<\/span>\n\t\t\t\t\t\t<\/div>\n\n\t\t\t\t\t\t<p>BCTEC Engineering and Technology participated in the 9th International Conference on Operational Excellence in Mining, Minexcellence 2024, one of the most ...<\/p>\n\n\t\t\t\t\t\t<a class=\"btn btn-light btn-small\" href=\"https:\/\/bctec.cl\/en\/destacada-participacion-de-bctec-en-minexcellence-2024\/\" title=\"BCTEC&#8217;s outstanding participation in MinExcellence 2024\">Read More<\/a>\n\n\t\t\t\t\t<\/div>\n\t\t\t\t\t\n\t\t\t\t\t<div class=\"grid-item grid-sm-6 grid-md-4\">\n\t\t\t\t\t\t<div class=\"grid-thumbnail\">\n\t\t\t\t\t\t\t<a href=\"https:\/\/bctec.cl\/en\/bctec-presente-en-la-3o-edicion-de-congreso-umining-2024-realizado-en-campus-beaucheff-de-la-universidad-de-chile\/\" title=\"BCTEC present at the 3rd edition of the UMining 2024 Congress, held at the Beaucheff Campus of the University of Chile.\"><img loading=\"lazy\" decoding=\"async\" width=\"600\" height=\"300\" src=\"https:\/\/bctec.cl\/wp-content\/uploads\/2025\/01\/Portada-600x300.jpg\" class=\"attachment-medium-thumb size-medium-thumb wp-post-image\" alt=\"\" srcset=\"https:\/\/bctec.cl\/wp-content\/uploads\/2025\/01\/Portada-600x300.jpg 600w, https:\/\/bctec.cl\/wp-content\/uploads\/2025\/01\/Portada-400x200.jpg 400w, https:\/\/bctec.cl\/wp-content\/uploads\/2025\/01\/Portada-800x400.jpg 800w\" sizes=\"auto, (max-width: 600px) 100vw, 600px\" \/><\/a>\n\t\t\t\t\t\t<\/div>\n\t\t\t\t\t\t<h4 class=\"grid-title\"><a href=\"https:\/\/bctec.cl\/en\/bctec-presente-en-la-3o-edicion-de-congreso-umining-2024-realizado-en-campus-beaucheff-de-la-universidad-de-chile\/\" rel=\"bookmark\">BCTEC present at the 3rd edition of the UMining 2024 Congress, held at the Beaucheff Campus of the University of Chile.<\/a><\/h4>\n\n\t\t\t\t\t\t<div class=\"recent-news-meta\">\n\t\t\t\t\t\t\t<span class=\"post-date\"><i class=\"fa fa-file-text-o\"><\/i> <time class=\"entry-date published updated\" datetime=\"2024-11-30T01:35:41+00:00\">Saturday November 30th, 2024<\/time><\/span>\n\t\t\t\t\t\t\t<span class=\"comments-link\"><i class=\"fa fa-comments-o\"><\/i> Comments off.<\/span>\n\t\t\t\t\t\t<\/div>\n\n\t\t\t\t\t\t<p>With the aim of bringing together students and professionals to discuss the challenges of the present, and to learn about the ...<\/p>\n\n\t\t\t\t\t\t<a class=\"btn btn-light btn-small\" href=\"https:\/\/bctec.cl\/en\/bctec-presente-en-la-3o-edicion-de-congreso-umining-2024-realizado-en-campus-beaucheff-de-la-universidad-de-chile\/\" title=\"BCTEC present at the 3rd edition of the UMining 2024 Congress, held at the Beaucheff Campus of the University of Chile.\">Read More<\/a>\n\n\t\t\t\t\t<\/div>\n\t\t\t\t\t\n\t\t\t\t\t\t<div class=\"clear\"><\/div>\n\t\t\t\t\t<div class=\"grid-item grid-sm-6 grid-md-4\">\n\t\t\t\t\t\t<div class=\"grid-thumbnail\">\n\t\t\t\t\t\t\t<a href=\"https:\/\/bctec.cl\/en\/participacion-de-bctec-en-massmin-2024-en-kiruna-suecia\/\" title=\"BCTEC participation in MassMin 2024 in Kiruna, Sweden\"><img loading=\"lazy\" decoding=\"async\" width=\"600\" height=\"300\" src=\"https:\/\/bctec.cl\/wp-content\/uploads\/2025\/01\/Portada-1-600x300.jpg\" class=\"attachment-medium-thumb size-medium-thumb wp-post-image\" alt=\"\" srcset=\"https:\/\/bctec.cl\/wp-content\/uploads\/2025\/01\/Portada-1-600x300.jpg 600w, https:\/\/bctec.cl\/wp-content\/uploads\/2025\/01\/Portada-1-400x200.jpg 400w, https:\/\/bctec.cl\/wp-content\/uploads\/2025\/01\/Portada-1-800x400.jpg 800w\" sizes=\"auto, (max-width: 600px) 100vw, 600px\" \/><\/a>\n\t\t\t\t\t\t<\/div>\n\t\t\t\t\t\t<h4 class=\"grid-title\"><a href=\"https:\/\/bctec.cl\/en\/participacion-de-bctec-en-massmin-2024-en-kiruna-suecia\/\" rel=\"bookmark\">BCTEC participation in MassMin 2024 in Kiruna, Sweden<\/a><\/h4>\n\n\t\t\t\t\t\t<div class=\"recent-news-meta\">\n\t\t\t\t\t\t\t<span class=\"post-date\"><i class=\"fa fa-file-text-o\"><\/i> <time class=\"entry-date published updated\" datetime=\"2024-09-30T01:30:10+00:00\">Monday September 30th, 2024<\/time><\/span>\n\t\t\t\t\t\t\t<span class=\"comments-link\"><i class=\"fa fa-comments-o\"><\/i> Comments off.<\/span>\n\t\t\t\t\t\t<\/div>\n\n\t\t\t\t\t\t<p>BCTEC Engineering and Technology was present at the 9th MassMin 2024 conference, the most relevant event for underground mining at a ...<\/p>\n\n\t\t\t\t\t\t<a class=\"btn btn-light btn-small\" href=\"https:\/\/bctec.cl\/en\/participacion-de-bctec-en-massmin-2024-en-kiruna-suecia\/\" title=\"BCTEC participation in MassMin 2024 in Kiruna, Sweden\">Read More<\/a>\n\n\t\t\t\t\t<\/div>\n\t\t\t\t\t\n\t\t\t\t<\/div>\n\t<\/div>[\/vc_column][\/vc_row]<\/p>","protected":false},"excerpt":{"rendered":"<p>BCTEC Engineering and Technology is a company specializing in technological solutions for the mining industry, focused on software development, simulation, and advanced analysis to optimize production processes. Their work integrates artificial intelligence, risk assessment, and sustainable mine planning, offering innovative tools that improve efficiency and decision-making in mining operations<\/p>\n","protected":false},"author":1,"featured_media":0,"parent":0,"menu_order":0,"comment_status":"closed","ping_status":"closed","template":"","meta":{"footnotes":""},"class_list":["post-4979","page","type-page","status-publish","hentry"],"featured_image_src":null,"yoast_head":"<!-- This site is optimized with the Yoast SEO plugin v26.9 - https:\/\/yoast.com\/product\/yoast-seo-wordpress\/ -->\n<title>News eng - Ingenier\u00eda y Tecnolog\u00eda para Miner\u00eda Subterr\u00e1nea<\/title>\n<meta name=\"description\" content=\"BCTEC Ingenier\u00eda y Tecnolog\u00eda es una empresa especializada en soluciones tecnol\u00f3gicas para la industria minera.\" \/>\n<meta name=\"robots\" content=\"index, follow, max-snippet:-1, max-image-preview:large, max-video-preview:-1\" \/>\n<link rel=\"canonical\" href=\"https:\/\/bctec.cl\/news\/\" \/>\n<meta property=\"og:locale\" content=\"en_US\" \/>\n<meta property=\"og:type\" content=\"article\" \/>\n<meta property=\"og:title\" content=\"[:es]News[:en]News eng[:] - Ingenier\u00eda y Tecnolog\u00eda para Miner\u00eda Subterr\u00e1nea\" \/>\n<meta property=\"og:description\" content=\"BCTEC Ingenier\u00eda y Tecnolog\u00eda es una empresa especializada en soluciones tecnol\u00f3gicas para la industria minera.\" \/>\n<meta property=\"og:url\" content=\"https:\/\/bctec.cl\/news\/\" \/>\n<meta property=\"og:site_name\" content=\"Ingenier\u00eda y Tecnolog\u00eda para Miner\u00eda Subterr\u00e1nea\" \/>\n<meta property=\"article:modified_time\" content=\"2026-02-16T14:41:02+00:00\" \/>\n<meta name=\"twitter:card\" content=\"summary_large_image\" \/>\n<meta name=\"twitter:label1\" content=\"Est. reading time\" \/>\n\t<meta name=\"twitter:data1\" content=\"1 minute\" \/>\n<script type=\"application\/ld+json\" class=\"yoast-schema-graph\">{\"@context\":\"https:\/\/schema.org\",\"@graph\":[{\"@type\":\"WebPage\",\"@id\":\"https:\/\/bctec.cl\/news\/\",\"url\":\"https:\/\/bctec.cl\/news\/\",\"name\":\"[:es]News[:en]News eng[:] - Ingenier\u00eda y Tecnolog\u00eda para Miner\u00eda Subterr\u00e1nea\",\"isPartOf\":{\"@id\":\"https:\/\/bctec.cl\/#website\"},\"datePublished\":\"2025-01-14T14:08:43+00:00\",\"dateModified\":\"2026-02-16T14:41:02+00:00\",\"description\":\"BCTEC Ingenier\u00eda y Tecnolog\u00eda es una empresa especializada en soluciones tecnol\u00f3gicas para la industria minera.\",\"breadcrumb\":{\"@id\":\"https:\/\/bctec.cl\/news\/#breadcrumb\"},\"inLanguage\":\"en-US\",\"potentialAction\":[{\"@type\":\"ReadAction\",\"target\":[\"https:\/\/bctec.cl\/news\/\"]}]},{\"@type\":\"BreadcrumbList\",\"@id\":\"https:\/\/bctec.cl\/news\/#breadcrumb\",\"itemListElement\":[{\"@type\":\"ListItem\",\"position\":1,\"name\":\"Portada\",\"item\":\"https:\/\/bctec.cl\/\"},{\"@type\":\"ListItem\",\"position\":2,\"name\":\"News\"}]},{\"@type\":\"WebSite\",\"@id\":\"https:\/\/bctec.cl\/#website\",\"url\":\"https:\/\/bctec.cl\/\",\"name\":\"BCTEC Ingenier\u00eda y Tecnolog\u00eda\",\"description\":\"BCTEC Ingenier\u00eda y Tecnolog\u00eda\",\"publisher\":{\"@id\":\"https:\/\/bctec.cl\/#organization\"},\"potentialAction\":[{\"@type\":\"SearchAction\",\"target\":{\"@type\":\"EntryPoint\",\"urlTemplate\":\"https:\/\/bctec.cl\/?s={search_term_string}\"},\"query-input\":{\"@type\":\"PropertyValueSpecification\",\"valueRequired\":true,\"valueName\":\"search_term_string\"}}],\"inLanguage\":\"en-US\"},{\"@type\":\"Organization\",\"@id\":\"https:\/\/bctec.cl\/#organization\",\"name\":\"BCTEC Ingenier\u00eda y Tecnolog\u00eda\",\"url\":\"https:\/\/bctec.cl\/\",\"logo\":{\"@type\":\"ImageObject\",\"inLanguage\":\"en-US\",\"@id\":\"https:\/\/bctec.cl\/#\/schema\/logo\/image\/\",\"url\":\"https:\/\/bctec.cl\/wp-content\/uploads\/2022\/12\/bctec_logo.png\",\"contentUrl\":\"https:\/\/bctec.cl\/wp-content\/uploads\/2022\/12\/bctec_logo.png\",\"width\":268,\"height\":100,\"caption\":\"BCTEC Ingenier\u00eda y Tecnolog\u00eda\"},\"image\":{\"@id\":\"https:\/\/bctec.cl\/#\/schema\/logo\/image\/\"},\"sameAs\":[\"https:\/\/www.linkedin.com\/company\/bctec-engineering-and-technology\/posts\/?feedView=all\"]}]}<\/script>\n<!-- \/ Yoast SEO plugin. -->","yoast_head_json":{"title":"[:es]News[:en]News eng[:] - Ingenier\u00eda y Tecnolog\u00eda para Miner\u00eda Subterr\u00e1nea","description":"BCTEC Ingenier\u00eda y Tecnolog\u00eda es una empresa especializada en soluciones tecnol\u00f3gicas para la industria minera.","robots":{"index":"index","follow":"follow","max-snippet":"max-snippet:-1","max-image-preview":"max-image-preview:large","max-video-preview":"max-video-preview:-1"},"canonical":"https:\/\/bctec.cl\/news\/","og_locale":"en_US","og_type":"article","og_title":"[:es]News[:en]News eng[:] - Ingenier\u00eda y Tecnolog\u00eda para Miner\u00eda Subterr\u00e1nea","og_description":"BCTEC Ingenier\u00eda y Tecnolog\u00eda es una empresa especializada en soluciones tecnol\u00f3gicas para la industria minera.","og_url":"https:\/\/bctec.cl\/news\/","og_site_name":"Ingenier\u00eda y Tecnolog\u00eda para Miner\u00eda Subterr\u00e1nea","article_modified_time":"2026-02-16T14:41:02+00:00","twitter_card":"summary_large_image","twitter_misc":{"Est. reading time":"1 minute"},"schema":{"@context":"https:\/\/schema.org","@graph":[{"@type":"WebPage","@id":"https:\/\/bctec.cl\/news\/","url":"https:\/\/bctec.cl\/news\/","name":"[:es]News[:en]News eng[:] - Ingenier\u00eda y Tecnolog\u00eda para Miner\u00eda Subterr\u00e1nea","isPartOf":{"@id":"https:\/\/bctec.cl\/#website"},"datePublished":"2025-01-14T14:08:43+00:00","dateModified":"2026-02-16T14:41:02+00:00","description":"BCTEC Ingenier\u00eda y Tecnolog\u00eda es una empresa especializada en soluciones tecnol\u00f3gicas para la industria minera.","breadcrumb":{"@id":"https:\/\/bctec.cl\/news\/#breadcrumb"},"inLanguage":"en-US","potentialAction":[{"@type":"ReadAction","target":["https:\/\/bctec.cl\/news\/"]}]},{"@type":"BreadcrumbList","@id":"https:\/\/bctec.cl\/news\/#breadcrumb","itemListElement":[{"@type":"ListItem","position":1,"name":"Portada","item":"https:\/\/bctec.cl\/"},{"@type":"ListItem","position":2,"name":"News"}]},{"@type":"WebSite","@id":"https:\/\/bctec.cl\/#website","url":"https:\/\/bctec.cl\/","name":"BCTEC Ingenier\u00eda y Tecnolog\u00eda","description":"BCTEC Ingenier\u00eda y Tecnolog\u00eda","publisher":{"@id":"https:\/\/bctec.cl\/#organization"},"potentialAction":[{"@type":"SearchAction","target":{"@type":"EntryPoint","urlTemplate":"https:\/\/bctec.cl\/?s={search_term_string}"},"query-input":{"@type":"PropertyValueSpecification","valueRequired":true,"valueName":"search_term_string"}}],"inLanguage":"en-US"},{"@type":"Organization","@id":"https:\/\/bctec.cl\/#organization","name":"BCTEC Ingenier\u00eda y Tecnolog\u00eda","url":"https:\/\/bctec.cl\/","logo":{"@type":"ImageObject","inLanguage":"en-US","@id":"https:\/\/bctec.cl\/#\/schema\/logo\/image\/","url":"https:\/\/bctec.cl\/wp-content\/uploads\/2022\/12\/bctec_logo.png","contentUrl":"https:\/\/bctec.cl\/wp-content\/uploads\/2022\/12\/bctec_logo.png","width":268,"height":100,"caption":"BCTEC Ingenier\u00eda y Tecnolog\u00eda"},"image":{"@id":"https:\/\/bctec.cl\/#\/schema\/logo\/image\/"},"sameAs":["https:\/\/www.linkedin.com\/company\/bctec-engineering-and-technology\/posts\/?feedView=all"]}]}},"_links":{"self":[{"href":"https:\/\/bctec.cl\/en\/wp-json\/wp\/v2\/pages\/4979","targetHints":{"allow":["GET"]}}],"collection":[{"href":"https:\/\/bctec.cl\/en\/wp-json\/wp\/v2\/pages"}],"about":[{"href":"https:\/\/bctec.cl\/en\/wp-json\/wp\/v2\/types\/page"}],"author":[{"embeddable":true,"href":"https:\/\/bctec.cl\/en\/wp-json\/wp\/v2\/users\/1"}],"replies":[{"embeddable":true,"href":"https:\/\/bctec.cl\/en\/wp-json\/wp\/v2\/comments?post=4979"}],"version-history":[{"count":34,"href":"https:\/\/bctec.cl\/en\/wp-json\/wp\/v2\/pages\/4979\/revisions"}],"predecessor-version":[{"id":5505,"href":"https:\/\/bctec.cl\/en\/wp-json\/wp\/v2\/pages\/4979\/revisions\/5505"}],"wp:attachment":[{"href":"https:\/\/bctec.cl\/en\/wp-json\/wp\/v2\/media?parent=4979"}],"curies":[{"name":"wp","href":"https:\/\/api.w.org\/{rel}","templated":true}]}}