{"id":3611,"date":"2021-05-10T15:37:38","date_gmt":"2021-05-10T15:37:38","guid":{"rendered":"https:\/\/bctec.cl\/?page_id=3611"},"modified":"2026-02-18T21:32:47","modified_gmt":"2026-02-18T21:32:47","slug":"flowsim-slc","status":"publish","type":"page","link":"https:\/\/bctec.cl\/en\/flowsim-slc\/","title":{"rendered":"FLOWSIM SLC English"},"content":{"rendered":"<p>[vc_row bg_color=&#8221;#000000&#8243; row_color_overlay=&#8221;#000000&#8243;][vc_column width=&#8221;1\/2&#8243;][vc_single_image image=&#8221;3622&#8243; img_size=&#8221;full&#8221;][vc_column_text][\/vc_column_text][vc_column_text]<\/p>\n<h1><strong>Flowsim SLC \u00ae<\/strong><br \/>\n<strong>Gravity Flow Simulator<\/strong><\/h1>\n<p>[\/vc_column_text][vc_separator color=&#8221;orange&#8221; align=&#8221;align_left&#8221; border_width=&#8221;2&#8243; el_width=&#8221;10&#8243;][vc_column_text]<\/p>\n<h2>Flowsim SLC \u00ae<br \/>\nGravity Flow Simulator<\/h2>\n<h3>FlowSim SLC is a mine planning software that simulates gravity flow to efficiently estimate extractable reserves for Sublevel Caving (SLC) operations.<\/h3>\n<h3>FlowSim SLC takes into account the main technical-economic constraints of the SLC project to thus determine the best mining plan for extraction.<\/h3>\n<p>[\/vc_column_text][\/vc_column][vc_column width=&#8221;1\/2&#8243;][vc_empty_space][vc_empty_space][vc_empty_space][vc_single_image image=&#8221;3997&#8243; img_size=&#8221;full&#8221; alignment=&#8221;center&#8221;][\/vc_column][\/vc_row][vc_row bg_color=&#8221;#000000&#8243; row_color_overlay=&#8221;#000000&#8243;][vc_column][vc_tta_tabs shape=&#8221;square&#8221; color=&#8221;black&#8221; gap=&#8221;1&#8243; active_section=&#8221;1&#8243; no_fill_content_area=&#8221;true&#8221; css=&#8221;.vc_custom_1771204872017{background-color: #000000 !important;background-position: center !important;background-repeat: no-repeat !important;background-size: cover !important;}&#8221;][vc_tta_section title=&#8221;BENEFITS&#8221; tab_id=&#8221;1603489482534-bca24c37-c7a4&#8243;][vc_row_inner css=&#8221;.vc_custom_1603473439164{background-color: #000000 !important;}&#8221;][vc_column_inner css=&#8221;.vc_custom_1603082778357{background-color: #000000 !important;}&#8221;][vc_column_text]<\/p>\n<h3><strong><span style=\"color: #dc982d;\">Characteristics \/ Benefits<\/span><\/strong><\/h3>\n<p>[\/vc_column_text][vc_single_image image=&#8221;4258&#8243; img_size=&#8221;full&#8221; alignment=&#8221;center&#8221; css=&#8221;.vc_custom_1659385401770{background-color: #000000 !important;}&#8221;][\/vc_column_inner][\/vc_row_inner][\/vc_tta_section][vc_tta_section title=&#8221;VERSIONS&#8221; tab_id=&#8221;1603489482202-96c41957-56dd&#8221;][vc_row_inner css=&#8221;.vc_custom_1603081188453{background-color: #000000 !important;}&#8221;][vc_column_inner css=&#8221;.vc_custom_1602795538496{background-color: #000000 !important;}&#8221;][vc_column_text]<\/p>\n<h3><strong><span style=\"color: #dc982d;\">VERSIONS\u00a0<\/span><\/strong><\/h3>\n<p>[\/vc_column_text][vc_single_image image=&#8221;4259&#8243; img_size=&#8221;full&#8221; alignment=&#8221;center&#8221;][\/vc_column_inner][\/vc_row_inner][\/vc_tta_section][vc_tta_section title=&#8221;MECHANISMS&#8221; tab_id=&#8221;1603489482823-92ed788e-14e4&#8243;][vc_row_inner css=&#8221;.vc_custom_1603472407755{background-color: #000000 !important;}&#8221;][vc_column_inner][vc_column_text]<\/p>\n<h3><strong><span style=\"color: #dc982d;\">MECHANISMS<\/span><\/strong><\/h3>\n<p>[\/vc_column_text][vc_single_image image=&#8221;4260&#8243; img_size=&#8221;full&#8221; alignment=&#8221;center&#8221; css=&#8221;.vc_custom_1659385528164{background-color: #000000 !important;}&#8221;][\/vc_column_inner][\/vc_row_inner][\/vc_tta_section][\/vc_tta_tabs][vc_empty_space height=&#8221;8px&#8221;][vc_empty_space height=&#8221;8px&#8221;][vc_empty_space height=&#8221;8px&#8221;][vc_empty_space height=&#8221;8px&#8221;][\/vc_column][\/vc_row]<\/p>","protected":false},"excerpt":{"rendered":"<p>Flowsim SLC \u00ae<br \/>\nGravity Flow Simulator<br \/>\nFlowSim SLC is a mine planning software that simulates gravity flow to efficiently estimate extractable reserves for Sublevel Caving (SLC) operations.<br \/>\nFlowSim SLC takes into account the main technical-economic constraints of the SLC project to thus determine the best mining plan for extraction.<\/p>\n","protected":false},"author":1,"featured_media":0,"parent":0,"menu_order":0,"comment_status":"closed","ping_status":"closed","template":"","meta":{"footnotes":""},"class_list":["post-3611","page","type-page","status-publish","hentry"],"featured_image_src":null,"yoast_head":"<!-- This site is optimized with the Yoast SEO plugin v26.9 - https:\/\/yoast.com\/product\/yoast-seo-wordpress\/ -->\n<title>FLOWSIM SLC English - Ingenier\u00eda y Tecnolog\u00eda para Miner\u00eda Subterr\u00e1nea<\/title>\n<meta name=\"description\" content=\"Software de planificaci\u00f3n minera que simula el flujo gravitacional y estima con precisi\u00f3n reservas extra\u00edbles en operaciones Sublevel Caving.\" \/>\n<meta name=\"robots\" content=\"index, follow, max-snippet:-1, max-image-preview:large, max-video-preview:-1\" \/>\n<link rel=\"canonical\" href=\"https:\/\/bctec.cl\/flowsim-slc\/\" \/>\n<meta property=\"og:locale\" content=\"en_US\" \/>\n<meta property=\"og:type\" content=\"article\" \/>\n<meta property=\"og:title\" content=\"[:es]FLOWSIM SLC [:en]FLOWSIM SLC English[:] - Ingenier\u00eda y Tecnolog\u00eda para Miner\u00eda Subterr\u00e1nea\" \/>\n<meta property=\"og:description\" content=\"Software de planificaci\u00f3n minera que simula el flujo gravitacional y estima con precisi\u00f3n reservas extra\u00edbles en operaciones Sublevel Caving.\" \/>\n<meta property=\"og:url\" content=\"https:\/\/bctec.cl\/flowsim-slc\/\" \/>\n<meta property=\"og:site_name\" content=\"Ingenier\u00eda y Tecnolog\u00eda para Miner\u00eda Subterr\u00e1nea\" \/>\n<meta property=\"article:modified_time\" content=\"2026-02-18T21:32:47+00:00\" \/>\n<meta name=\"twitter:card\" content=\"summary_large_image\" \/>\n<meta name=\"twitter:label1\" content=\"Est. reading time\" \/>\n\t<meta name=\"twitter:data1\" content=\"2 minutes\" \/>\n<script type=\"application\/ld+json\" class=\"yoast-schema-graph\">{\"@context\":\"https:\/\/schema.org\",\"@graph\":[{\"@type\":\"WebPage\",\"@id\":\"https:\/\/bctec.cl\/flowsim-slc\/\",\"url\":\"https:\/\/bctec.cl\/flowsim-slc\/\",\"name\":\"[:es]FLOWSIM SLC [:en]FLOWSIM SLC English[:] - Ingenier\u00eda y Tecnolog\u00eda para Miner\u00eda Subterr\u00e1nea\",\"isPartOf\":{\"@id\":\"https:\/\/bctec.cl\/#website\"},\"datePublished\":\"2021-05-10T15:37:38+00:00\",\"dateModified\":\"2026-02-18T21:32:47+00:00\",\"description\":\"Software de planificaci\u00f3n minera que simula el flujo gravitacional y estima con precisi\u00f3n reservas extra\u00edbles en operaciones Sublevel Caving.\",\"breadcrumb\":{\"@id\":\"https:\/\/bctec.cl\/flowsim-slc\/#breadcrumb\"},\"inLanguage\":\"en-US\",\"potentialAction\":[{\"@type\":\"ReadAction\",\"target\":[\"https:\/\/bctec.cl\/flowsim-slc\/\"]}]},{\"@type\":\"BreadcrumbList\",\"@id\":\"https:\/\/bctec.cl\/flowsim-slc\/#breadcrumb\",\"itemListElement\":[{\"@type\":\"ListItem\",\"position\":1,\"name\":\"Portada\",\"item\":\"https:\/\/bctec.cl\/\"},{\"@type\":\"ListItem\",\"position\":2,\"name\":\"FLOWSIM SLC\"}]},{\"@type\":\"WebSite\",\"@id\":\"https:\/\/bctec.cl\/#website\",\"url\":\"https:\/\/bctec.cl\/\",\"name\":\"BCTEC Ingenier\u00eda y Tecnolog\u00eda\",\"description\":\"BCTEC Ingenier\u00eda y Tecnolog\u00eda\",\"publisher\":{\"@id\":\"https:\/\/bctec.cl\/#organization\"},\"potentialAction\":[{\"@type\":\"SearchAction\",\"target\":{\"@type\":\"EntryPoint\",\"urlTemplate\":\"https:\/\/bctec.cl\/?s={search_term_string}\"},\"query-input\":{\"@type\":\"PropertyValueSpecification\",\"valueRequired\":true,\"valueName\":\"search_term_string\"}}],\"inLanguage\":\"en-US\"},{\"@type\":\"Organization\",\"@id\":\"https:\/\/bctec.cl\/#organization\",\"name\":\"BCTEC Ingenier\u00eda y Tecnolog\u00eda\",\"url\":\"https:\/\/bctec.cl\/\",\"logo\":{\"@type\":\"ImageObject\",\"inLanguage\":\"en-US\",\"@id\":\"https:\/\/bctec.cl\/#\/schema\/logo\/image\/\",\"url\":\"https:\/\/bctec.cl\/wp-content\/uploads\/2022\/12\/bctec_logo.png\",\"contentUrl\":\"https:\/\/bctec.cl\/wp-content\/uploads\/2022\/12\/bctec_logo.png\",\"width\":268,\"height\":100,\"caption\":\"BCTEC Ingenier\u00eda y Tecnolog\u00eda\"},\"image\":{\"@id\":\"https:\/\/bctec.cl\/#\/schema\/logo\/image\/\"},\"sameAs\":[\"https:\/\/www.linkedin.com\/company\/bctec-engineering-and-technology\/posts\/?feedView=all\"]}]}<\/script>\n<!-- \/ Yoast SEO plugin. -->","yoast_head_json":{"title":"[:es]FLOWSIM SLC [:en]FLOWSIM SLC English[:] - Ingenier\u00eda y Tecnolog\u00eda para Miner\u00eda Subterr\u00e1nea","description":"Software de planificaci\u00f3n minera que simula el flujo gravitacional y estima con precisi\u00f3n reservas extra\u00edbles en operaciones Sublevel Caving.","robots":{"index":"index","follow":"follow","max-snippet":"max-snippet:-1","max-image-preview":"max-image-preview:large","max-video-preview":"max-video-preview:-1"},"canonical":"https:\/\/bctec.cl\/flowsim-slc\/","og_locale":"en_US","og_type":"article","og_title":"[:es]FLOWSIM SLC [:en]FLOWSIM SLC English[:] - Ingenier\u00eda y Tecnolog\u00eda para Miner\u00eda Subterr\u00e1nea","og_description":"Software de planificaci\u00f3n minera que simula el flujo gravitacional y estima con precisi\u00f3n reservas extra\u00edbles en operaciones Sublevel Caving.","og_url":"https:\/\/bctec.cl\/flowsim-slc\/","og_site_name":"Ingenier\u00eda y Tecnolog\u00eda para Miner\u00eda Subterr\u00e1nea","article_modified_time":"2026-02-18T21:32:47+00:00","twitter_card":"summary_large_image","twitter_misc":{"Est. reading time":"2 minutes"},"schema":{"@context":"https:\/\/schema.org","@graph":[{"@type":"WebPage","@id":"https:\/\/bctec.cl\/flowsim-slc\/","url":"https:\/\/bctec.cl\/flowsim-slc\/","name":"[:es]FLOWSIM SLC [:en]FLOWSIM SLC English[:] - Ingenier\u00eda y Tecnolog\u00eda para Miner\u00eda Subterr\u00e1nea","isPartOf":{"@id":"https:\/\/bctec.cl\/#website"},"datePublished":"2021-05-10T15:37:38+00:00","dateModified":"2026-02-18T21:32:47+00:00","description":"Software de planificaci\u00f3n minera que simula el flujo gravitacional y estima con precisi\u00f3n reservas extra\u00edbles en operaciones Sublevel Caving.","breadcrumb":{"@id":"https:\/\/bctec.cl\/flowsim-slc\/#breadcrumb"},"inLanguage":"en-US","potentialAction":[{"@type":"ReadAction","target":["https:\/\/bctec.cl\/flowsim-slc\/"]}]},{"@type":"BreadcrumbList","@id":"https:\/\/bctec.cl\/flowsim-slc\/#breadcrumb","itemListElement":[{"@type":"ListItem","position":1,"name":"Portada","item":"https:\/\/bctec.cl\/"},{"@type":"ListItem","position":2,"name":"FLOWSIM SLC"}]},{"@type":"WebSite","@id":"https:\/\/bctec.cl\/#website","url":"https:\/\/bctec.cl\/","name":"BCTEC Ingenier\u00eda y Tecnolog\u00eda","description":"BCTEC Ingenier\u00eda y Tecnolog\u00eda","publisher":{"@id":"https:\/\/bctec.cl\/#organization"},"potentialAction":[{"@type":"SearchAction","target":{"@type":"EntryPoint","urlTemplate":"https:\/\/bctec.cl\/?s={search_term_string}"},"query-input":{"@type":"PropertyValueSpecification","valueRequired":true,"valueName":"search_term_string"}}],"inLanguage":"en-US"},{"@type":"Organization","@id":"https:\/\/bctec.cl\/#organization","name":"BCTEC Ingenier\u00eda y Tecnolog\u00eda","url":"https:\/\/bctec.cl\/","logo":{"@type":"ImageObject","inLanguage":"en-US","@id":"https:\/\/bctec.cl\/#\/schema\/logo\/image\/","url":"https:\/\/bctec.cl\/wp-content\/uploads\/2022\/12\/bctec_logo.png","contentUrl":"https:\/\/bctec.cl\/wp-content\/uploads\/2022\/12\/bctec_logo.png","width":268,"height":100,"caption":"BCTEC Ingenier\u00eda y Tecnolog\u00eda"},"image":{"@id":"https:\/\/bctec.cl\/#\/schema\/logo\/image\/"},"sameAs":["https:\/\/www.linkedin.com\/company\/bctec-engineering-and-technology\/posts\/?feedView=all"]}]}},"_links":{"self":[{"href":"https:\/\/bctec.cl\/en\/wp-json\/wp\/v2\/pages\/3611","targetHints":{"allow":["GET"]}}],"collection":[{"href":"https:\/\/bctec.cl\/en\/wp-json\/wp\/v2\/pages"}],"about":[{"href":"https:\/\/bctec.cl\/en\/wp-json\/wp\/v2\/types\/page"}],"author":[{"embeddable":true,"href":"https:\/\/bctec.cl\/en\/wp-json\/wp\/v2\/users\/1"}],"replies":[{"embeddable":true,"href":"https:\/\/bctec.cl\/en\/wp-json\/wp\/v2\/comments?post=3611"}],"version-history":[{"count":116,"href":"https:\/\/bctec.cl\/en\/wp-json\/wp\/v2\/pages\/3611\/revisions"}],"predecessor-version":[{"id":5596,"href":"https:\/\/bctec.cl\/en\/wp-json\/wp\/v2\/pages\/3611\/revisions\/5596"}],"wp:attachment":[{"href":"https:\/\/bctec.cl\/en\/wp-json\/wp\/v2\/media?parent=3611"}],"curies":[{"name":"wp","href":"https:\/\/api.w.org\/{rel}","templated":true}]}}