{"id":3368,"date":"2020-12-01T14:54:39","date_gmt":"2020-12-01T14:54:39","guid":{"rendered":"https:\/\/bctec.cl\/?page_id=3368"},"modified":"2021-03-30T20:30:02","modified_gmt":"2021-03-30T20:30:02","slug":"diagnostico-gratis","status":"publish","type":"page","link":"https:\/\/bctec.cl\/en\/bctec-ingenieria-y-tecnologia-para-mineria-subterranea\/diagnostico-gratis\/","title":{"rendered":"(Espa\u00f1ol) Diagnostico gratis"},"content":{"rendered":"<p>[vc_row row_type=&#8221;row_full_center_content&#8221; padding_top=&#8221;10&#8243;][vc_column width=&#8221;1\/2&#8243;][vc_empty_space]\n\t<div class=\"custom-heading wpb_content_element \">\n\t\t<h2 class=\"heading-title\" >Contact Us<\/h2>\n\t\t<span class=\"heading-line primary\"><\/span>\n\t<\/div>[vc_column_text]Complete the form below indicating your name, email, problem and we will glad to work with you[\/vc_column_text]<div class=\"wpforms-container wpforms-container-full\" id=\"wpforms-3324\"><form id=\"wpforms-form-3324\" class=\"wpforms-validate wpforms-form\" data-formid=\"3324\" method=\"post\" enctype=\"multipart\/form-data\" action=\"\/en\/wp-json\/wp\/v2\/pages\/3368\" data-token=\"87d2acab06f6a671929d5851c364ae10\" data-token-time=\"1776846939\"><noscript class=\"wpforms-error-noscript\">Please enable JavaScript in your browser to complete this form.<\/noscript><div class=\"wpforms-field-container\"><div id=\"wpforms-3324-field_0-container\" class=\"wpforms-field wpforms-field-name\" data-field-id=\"0\"><label class=\"wpforms-field-label\" for=\"wpforms-3324-field_0\">Name <span class=\"wpforms-required-label\">*<\/span><\/label><input type=\"text\" id=\"wpforms-3324-field_0\" class=\"wpforms-field-medium wpforms-field-required\" name=\"wpforms[fields][0]\" required><\/div><div id=\"wpforms-3324-field_1-container\" class=\"wpforms-field wpforms-field-email\" data-field-id=\"1\"><label class=\"wpforms-field-label\" for=\"wpforms-3324-field_1\">E-mail <span class=\"wpforms-required-label\">*<\/span><\/label><input type=\"email\" id=\"wpforms-3324-field_1\" class=\"wpforms-field-medium wpforms-field-required\" name=\"wpforms[fields][1]\" spellcheck=\"false\" required><\/div><div id=\"wpforms-3324-field_2-container\" class=\"wpforms-field wpforms-field-textarea\" data-field-id=\"2\"><label class=\"wpforms-field-label\" for=\"wpforms-3324-field_2\">Message <span class=\"wpforms-required-label\">*<\/span><\/label><textarea id=\"wpforms-3324-field_2\" class=\"wpforms-field-medium wpforms-field-required\" name=\"wpforms[fields][2]\" required><\/textarea><\/div><\/div><!-- .wpforms-field-container --><div class=\"wpforms-field wpforms-field-hp\"><label for=\"wpforms-3324-field-hp\" class=\"wpforms-field-label\">Website<\/label><input type=\"text\" name=\"wpforms[hp]\" id=\"wpforms-3324-field-hp\" class=\"wpforms-field-medium\"><\/div><div class=\"wpforms-submit-container\" ><input type=\"hidden\" name=\"wpforms[id]\" value=\"3324\"><input type=\"hidden\" name=\"page_title\" value=\"\"><input type=\"hidden\" name=\"page_url\" value=\"https:\/\/bctec.cl\/en\/wp-json\/wp\/v2\/pages\/3368\"><input type=\"hidden\" name=\"url_referer\" value=\"\"><button type=\"submit\" name=\"wpforms[submit]\" id=\"wpforms-submit-3324\" class=\"wpforms-submit\" data-alt-text=\"Sending...\" data-submit-text=\"Send\" aria-live=\"assertive\" value=\"wpforms-submit\">Send<\/button><\/div><\/form><\/div>  <!-- .wpforms-container -->[\/vc_column][vc_column width=&#8221;1\/2&#8243;][\/vc_column][\/vc_row]<\/p>","protected":false},"excerpt":{"rendered":"<p>[vc_row row_type=&#8221;row_full_center_content&#8221; padding_top=&#8221;10&#8243;][vc_column width=&#8221;1\/2&#8243;][vc_empty_space][vc_column_text]Complete the form below indicating your name, email, problem and we will glad to work with you[\/vc_column_text][\/vc_column][vc_column width=&#8221;1\/2&#8243;][\/vc_column][\/vc_row]<\/p>\n","protected":false},"author":1,"featured_media":0,"parent":13,"menu_order":0,"comment_status":"closed","ping_status":"closed","template":"","meta":{"footnotes":""},"class_list":["post-3368","page","type-page","status-publish","hentry"],"featured_image_src":null,"yoast_head":"<!-- This site is optimized with the Yoast SEO plugin v26.9 - https:\/\/yoast.com\/product\/yoast-seo-wordpress\/ -->\n<title><\/title>\n<meta name=\"robots\" content=\"index, follow, max-snippet:-1, max-image-preview:large, max-video-preview:-1\" \/>\n<link rel=\"canonical\" href=\"https:\/\/bctec.cl\/bctec-ingenieria-y-tecnologia-para-mineria-subterranea\/diagnostico-gratis\/\" \/>\n<meta property=\"og:locale\" content=\"en_US\" \/>\n<meta property=\"og:type\" content=\"article\" \/>\n<meta property=\"og:title\" content=\"[:es]Diagnostico gratis[:] - Ingenier\u00eda y Tecnolog\u00eda para Miner\u00eda Subterr\u00e1nea\" \/>\n<meta property=\"og:description\" content=\"[vc_row row_type=&#8221;row_full_center_content&#8221; padding_top=&#8221;10&#8243;][vc_column width=&#8221;1\/2&#8243;][vc_empty_space][vc_column_text]Complete the form below indicating your name, email, problem and we will glad to work with you[\/vc_column_text][\/vc_column][vc_column width=&#8221;1\/2&#8243;][\/vc_column][\/vc_row]\" \/>\n<meta property=\"og:url\" content=\"https:\/\/bctec.cl\/bctec-ingenieria-y-tecnologia-para-mineria-subterranea\/diagnostico-gratis\/\" \/>\n<meta property=\"og:site_name\" content=\"Ingenier\u00eda y Tecnolog\u00eda para Miner\u00eda Subterr\u00e1nea\" \/>\n<meta property=\"article:modified_time\" content=\"2021-03-30T20:30:02+00:00\" \/>\n<meta name=\"twitter:card\" content=\"summary_large_image\" \/>\n<meta name=\"twitter:label1\" content=\"Est. reading time\" \/>\n\t<meta name=\"twitter:data1\" content=\"1 minute\" \/>\n<script type=\"application\/ld+json\" class=\"yoast-schema-graph\">{\"@context\":\"https:\/\/schema.org\",\"@graph\":[{\"@type\":\"WebPage\",\"@id\":\"https:\/\/bctec.cl\/bctec-ingenieria-y-tecnologia-para-mineria-subterranea\/diagnostico-gratis\/\",\"url\":\"https:\/\/bctec.cl\/bctec-ingenieria-y-tecnologia-para-mineria-subterranea\/diagnostico-gratis\/\",\"name\":\"[:es]Diagnostico gratis[:] - Ingenier\u00eda y Tecnolog\u00eda para Miner\u00eda Subterr\u00e1nea\",\"isPartOf\":{\"@id\":\"https:\/\/bctec.cl\/#website\"},\"datePublished\":\"2020-12-01T14:54:39+00:00\",\"dateModified\":\"2021-03-30T20:30:02+00:00\",\"breadcrumb\":{\"@id\":\"https:\/\/bctec.cl\/bctec-ingenieria-y-tecnologia-para-mineria-subterranea\/diagnostico-gratis\/#breadcrumb\"},\"inLanguage\":\"en-US\",\"potentialAction\":[{\"@type\":\"ReadAction\",\"target\":[\"https:\/\/bctec.cl\/bctec-ingenieria-y-tecnologia-para-mineria-subterranea\/diagnostico-gratis\/\"]}]},{\"@type\":\"BreadcrumbList\",\"@id\":\"https:\/\/bctec.cl\/bctec-ingenieria-y-tecnologia-para-mineria-subterranea\/diagnostico-gratis\/#breadcrumb\",\"itemListElement\":[{\"@type\":\"ListItem\",\"position\":1,\"name\":\"Portada\",\"item\":\"https:\/\/bctec.cl\/\"},{\"@type\":\"ListItem\",\"position\":2,\"name\":\"BCTEC\",\"item\":\"https:\/\/bctec.cl\/\"},{\"@type\":\"ListItem\",\"position\":3,\"name\":\"Diagnostico gratis\"}]},{\"@type\":\"WebSite\",\"@id\":\"https:\/\/bctec.cl\/#website\",\"url\":\"https:\/\/bctec.cl\/\",\"name\":\"BCTEC Ingenier\u00eda y Tecnolog\u00eda\",\"description\":\"BCTEC Ingenier\u00eda y Tecnolog\u00eda\",\"publisher\":{\"@id\":\"https:\/\/bctec.cl\/#organization\"},\"potentialAction\":[{\"@type\":\"SearchAction\",\"target\":{\"@type\":\"EntryPoint\",\"urlTemplate\":\"https:\/\/bctec.cl\/?s={search_term_string}\"},\"query-input\":{\"@type\":\"PropertyValueSpecification\",\"valueRequired\":true,\"valueName\":\"search_term_string\"}}],\"inLanguage\":\"en-US\"},{\"@type\":\"Organization\",\"@id\":\"https:\/\/bctec.cl\/#organization\",\"name\":\"BCTEC Ingenier\u00eda y Tecnolog\u00eda\",\"url\":\"https:\/\/bctec.cl\/\",\"logo\":{\"@type\":\"ImageObject\",\"inLanguage\":\"en-US\",\"@id\":\"https:\/\/bctec.cl\/#\/schema\/logo\/image\/\",\"url\":\"https:\/\/bctec.cl\/wp-content\/uploads\/2022\/12\/bctec_logo.png\",\"contentUrl\":\"https:\/\/bctec.cl\/wp-content\/uploads\/2022\/12\/bctec_logo.png\",\"width\":268,\"height\":100,\"caption\":\"BCTEC Ingenier\u00eda y Tecnolog\u00eda\"},\"image\":{\"@id\":\"https:\/\/bctec.cl\/#\/schema\/logo\/image\/\"},\"sameAs\":[\"https:\/\/www.linkedin.com\/company\/bctec-engineering-and-technology\/posts\/?feedView=all\"]}]}<\/script>\n<!-- \/ Yoast SEO plugin. -->","yoast_head_json":{"title":"[:es]Diagnostico gratis[:] - Ingenier\u00eda y Tecnolog\u00eda para Miner\u00eda Subterr\u00e1nea","robots":{"index":"index","follow":"follow","max-snippet":"max-snippet:-1","max-image-preview":"max-image-preview:large","max-video-preview":"max-video-preview:-1"},"canonical":"https:\/\/bctec.cl\/bctec-ingenieria-y-tecnologia-para-mineria-subterranea\/diagnostico-gratis\/","og_locale":"en_US","og_type":"article","og_title":"[:es]Diagnostico gratis[:] - Ingenier\u00eda y Tecnolog\u00eda para Miner\u00eda Subterr\u00e1nea","og_description":"[vc_row row_type=&#8221;row_full_center_content&#8221; padding_top=&#8221;10&#8243;][vc_column width=&#8221;1\/2&#8243;][vc_empty_space][vc_column_text]Complete the form below indicating your name, email, problem and we will glad to work with you[\/vc_column_text][\/vc_column][vc_column width=&#8221;1\/2&#8243;][\/vc_column][\/vc_row]","og_url":"https:\/\/bctec.cl\/bctec-ingenieria-y-tecnologia-para-mineria-subterranea\/diagnostico-gratis\/","og_site_name":"Ingenier\u00eda y Tecnolog\u00eda para Miner\u00eda Subterr\u00e1nea","article_modified_time":"2021-03-30T20:30:02+00:00","twitter_card":"summary_large_image","twitter_misc":{"Est. reading time":"1 minute"},"schema":{"@context":"https:\/\/schema.org","@graph":[{"@type":"WebPage","@id":"https:\/\/bctec.cl\/bctec-ingenieria-y-tecnologia-para-mineria-subterranea\/diagnostico-gratis\/","url":"https:\/\/bctec.cl\/bctec-ingenieria-y-tecnologia-para-mineria-subterranea\/diagnostico-gratis\/","name":"[:es]Diagnostico gratis[:] - Ingenier\u00eda y Tecnolog\u00eda para Miner\u00eda Subterr\u00e1nea","isPartOf":{"@id":"https:\/\/bctec.cl\/#website"},"datePublished":"2020-12-01T14:54:39+00:00","dateModified":"2021-03-30T20:30:02+00:00","breadcrumb":{"@id":"https:\/\/bctec.cl\/bctec-ingenieria-y-tecnologia-para-mineria-subterranea\/diagnostico-gratis\/#breadcrumb"},"inLanguage":"en-US","potentialAction":[{"@type":"ReadAction","target":["https:\/\/bctec.cl\/bctec-ingenieria-y-tecnologia-para-mineria-subterranea\/diagnostico-gratis\/"]}]},{"@type":"BreadcrumbList","@id":"https:\/\/bctec.cl\/bctec-ingenieria-y-tecnologia-para-mineria-subterranea\/diagnostico-gratis\/#breadcrumb","itemListElement":[{"@type":"ListItem","position":1,"name":"Portada","item":"https:\/\/bctec.cl\/"},{"@type":"ListItem","position":2,"name":"BCTEC","item":"https:\/\/bctec.cl\/"},{"@type":"ListItem","position":3,"name":"Diagnostico gratis"}]},{"@type":"WebSite","@id":"https:\/\/bctec.cl\/#website","url":"https:\/\/bctec.cl\/","name":"BCTEC Ingenier\u00eda y Tecnolog\u00eda","description":"BCTEC Ingenier\u00eda y Tecnolog\u00eda","publisher":{"@id":"https:\/\/bctec.cl\/#organization"},"potentialAction":[{"@type":"SearchAction","target":{"@type":"EntryPoint","urlTemplate":"https:\/\/bctec.cl\/?s={search_term_string}"},"query-input":{"@type":"PropertyValueSpecification","valueRequired":true,"valueName":"search_term_string"}}],"inLanguage":"en-US"},{"@type":"Organization","@id":"https:\/\/bctec.cl\/#organization","name":"BCTEC Ingenier\u00eda y Tecnolog\u00eda","url":"https:\/\/bctec.cl\/","logo":{"@type":"ImageObject","inLanguage":"en-US","@id":"https:\/\/bctec.cl\/#\/schema\/logo\/image\/","url":"https:\/\/bctec.cl\/wp-content\/uploads\/2022\/12\/bctec_logo.png","contentUrl":"https:\/\/bctec.cl\/wp-content\/uploads\/2022\/12\/bctec_logo.png","width":268,"height":100,"caption":"BCTEC Ingenier\u00eda y Tecnolog\u00eda"},"image":{"@id":"https:\/\/bctec.cl\/#\/schema\/logo\/image\/"},"sameAs":["https:\/\/www.linkedin.com\/company\/bctec-engineering-and-technology\/posts\/?feedView=all"]}]}},"_links":{"self":[{"href":"https:\/\/bctec.cl\/en\/wp-json\/wp\/v2\/pages\/3368","targetHints":{"allow":["GET"]}}],"collection":[{"href":"https:\/\/bctec.cl\/en\/wp-json\/wp\/v2\/pages"}],"about":[{"href":"https:\/\/bctec.cl\/en\/wp-json\/wp\/v2\/types\/page"}],"author":[{"embeddable":true,"href":"https:\/\/bctec.cl\/en\/wp-json\/wp\/v2\/users\/1"}],"replies":[{"embeddable":true,"href":"https:\/\/bctec.cl\/en\/wp-json\/wp\/v2\/comments?post=3368"}],"version-history":[{"count":11,"href":"https:\/\/bctec.cl\/en\/wp-json\/wp\/v2\/pages\/3368\/revisions"}],"predecessor-version":[{"id":3597,"href":"https:\/\/bctec.cl\/en\/wp-json\/wp\/v2\/pages\/3368\/revisions\/3597"}],"up":[{"embeddable":true,"href":"https:\/\/bctec.cl\/en\/wp-json\/wp\/v2\/pages\/13"}],"wp:attachment":[{"href":"https:\/\/bctec.cl\/en\/wp-json\/wp\/v2\/media?parent=3368"}],"curies":[{"name":"wp","href":"https:\/\/api.w.org\/{rel}","templated":true}]}}