{"id":2700,"date":"2020-10-30T17:00:29","date_gmt":"2020-10-30T17:00:29","guid":{"rendered":"https:\/\/bctec.cl\/?page_id=2700"},"modified":"2025-01-15T13:16:40","modified_gmt":"2025-01-15T13:16:40","slug":"english-stability-assessment","status":"publish","type":"page","link":"https:\/\/bctec.cl\/en\/english-stability-assessment\/","title":{"rendered":"Ventilation System Design"},"content":{"rendered":"<p>[vc_row][vc_column width=&#8221;1\/2&#8243;]\n\t<div class=\"custom-heading wpb_content_element \">\n\t\t<h2 class=\"heading-title\" >Design of Ventilation Systems<\/p>\n<p><\/h2>\n\t\t<span class=\"heading-line primary\"><\/span>\n\t<\/div>[vc_column_text]<\/p>\n<h3><span data-contrast=\"none\">We perform mine ventilation studies and design systems that respond to the specific requirements of the mining project including.<\/span><\/h3>\n<ul>\n<li>\n<h3><span data-contrast=\"none\">Air requirement calculation.<\/span><\/h3>\n<\/li>\n<li>\n<h3><span data-contrast=\"none\">Simulation of ventilation circuits.<\/span><\/h3>\n<\/li>\n<li>\n<h3><span data-contrast=\"none\">Determination of main and auxiliary fans.<\/span><span data-ccp-props=\"{&quot;201341983&quot;:0,&quot;335551550&quot;:6,&quot;335551620&quot;:6,&quot;335559739&quot;:160,&quot;335559740&quot;:259}\">\u00a0<\/span><\/h3>\n<\/li>\n<li>\n<h3><span data-contrast=\"none\">Cost and investment analysis (direct evaluation of suppliers).<\/span><span data-ccp-props=\"{&quot;201341983&quot;:0,&quot;335551550&quot;:6,&quot;335551620&quot;:6,&quot;335559739&quot;:160,&quot;335559740&quot;:259}\">\u00a0<\/span><\/h3>\n<\/li>\n<li>\n<h3><span data-contrast=\"none\">Evaluation of the flow of pollutants in the production area.<\/span><\/h3>\n<\/li>\n<li>\n<h3><span data-contrast=\"none\">Design analysis of ventilation circuits, using VentSim software.<\/span><\/h3>\n<\/li>\n<li>\n<h3><span data-contrast=\"none\">Visualization of air flows in production areas.<\/span><\/h3>\n<\/li>\n<\/ul>\n<p>[\/vc_column_text][vc_btn title=&#8221;BACK&#8221; style=&#8221;classic&#8221; shape=&#8221;square&#8221; color=&#8221;warning&#8221; link=&#8221;url:https%3A%2F%2Fbctec.cl%2Fen%2Fservicios%2F|||&#8221;][\/vc_column][vc_column width=&#8221;1\/2&#8243;][vc_single_image image=&#8221;3602&#8243; img_size=&#8221;large&#8221; alignment=&#8221;center&#8221;][\/vc_column][\/vc_row]<\/p>","protected":false},"excerpt":{"rendered":"<p>[vc_row][vc_column width=&#8221;1\/2&#8243;][vc_column_text] We perform mine ventilation studies and design systems that respond to the specific requirements of the mining project including. &#8230;<\/p>\n","protected":false},"author":1,"featured_media":0,"parent":0,"menu_order":0,"comment_status":"closed","ping_status":"closed","template":"","meta":{"footnotes":""},"class_list":["post-2700","page","type-page","status-publish","hentry"],"featured_image_src":null,"yoast_head":"<!-- This site is optimized with the Yoast SEO plugin v26.9 - https:\/\/yoast.com\/product\/yoast-seo-wordpress\/ -->\n<title>Ventilation System Design - Ingenier\u00eda y Tecnolog\u00eda para Miner\u00eda Subterr\u00e1nea<\/title>\n<meta name=\"robots\" content=\"index, follow, max-snippet:-1, max-image-preview:large, max-video-preview:-1\" \/>\n<link rel=\"canonical\" href=\"https:\/\/bctec.cl\/english-stability-assessment\/\" \/>\n<meta property=\"og:locale\" content=\"en_US\" \/>\n<meta property=\"og:type\" content=\"article\" \/>\n<meta property=\"og:title\" content=\"[:es]Dise\u00f1o de sistemas de ventilaci\u00f3n[:en]Ventilation System Design[:] - Ingenier\u00eda y Tecnolog\u00eda para Miner\u00eda Subterr\u00e1nea\" \/>\n<meta property=\"og:description\" content=\"[vc_row][vc_column width=&#8221;1\/2&#8243;][vc_column_text] We perform mine ventilation studies and design systems that respond to the specific requirements of the mining project including. ...\" \/>\n<meta property=\"og:url\" content=\"https:\/\/bctec.cl\/english-stability-assessment\/\" \/>\n<meta property=\"og:site_name\" content=\"Ingenier\u00eda y Tecnolog\u00eda para Miner\u00eda Subterr\u00e1nea\" \/>\n<meta property=\"article:modified_time\" content=\"2025-01-15T13:16:40+00:00\" \/>\n<meta name=\"twitter:card\" content=\"summary_large_image\" \/>\n<meta name=\"twitter:label1\" content=\"Est. reading time\" \/>\n\t<meta name=\"twitter:data1\" content=\"1 minute\" \/>\n<script type=\"application\/ld+json\" class=\"yoast-schema-graph\">{\"@context\":\"https:\/\/schema.org\",\"@graph\":[{\"@type\":\"WebPage\",\"@id\":\"https:\/\/bctec.cl\/english-stability-assessment\/\",\"url\":\"https:\/\/bctec.cl\/english-stability-assessment\/\",\"name\":\"[:es]Dise\u00f1o de sistemas de ventilaci\u00f3n[:en]Ventilation System Design[:] - Ingenier\u00eda y Tecnolog\u00eda para Miner\u00eda Subterr\u00e1nea\",\"isPartOf\":{\"@id\":\"https:\/\/bctec.cl\/#website\"},\"datePublished\":\"2020-10-30T17:00:29+00:00\",\"dateModified\":\"2025-01-15T13:16:40+00:00\",\"breadcrumb\":{\"@id\":\"https:\/\/bctec.cl\/english-stability-assessment\/#breadcrumb\"},\"inLanguage\":\"en-US\",\"potentialAction\":[{\"@type\":\"ReadAction\",\"target\":[\"https:\/\/bctec.cl\/english-stability-assessment\/\"]}]},{\"@type\":\"BreadcrumbList\",\"@id\":\"https:\/\/bctec.cl\/english-stability-assessment\/#breadcrumb\",\"itemListElement\":[{\"@type\":\"ListItem\",\"position\":1,\"name\":\"Portada\",\"item\":\"https:\/\/bctec.cl\/\"},{\"@type\":\"ListItem\",\"position\":2,\"name\":\"Dise\u00f1o de sistemas de ventilaci\u00f3n\"}]},{\"@type\":\"WebSite\",\"@id\":\"https:\/\/bctec.cl\/#website\",\"url\":\"https:\/\/bctec.cl\/\",\"name\":\"BCTEC Ingenier\u00eda y Tecnolog\u00eda\",\"description\":\"BCTEC Ingenier\u00eda y Tecnolog\u00eda\",\"publisher\":{\"@id\":\"https:\/\/bctec.cl\/#organization\"},\"potentialAction\":[{\"@type\":\"SearchAction\",\"target\":{\"@type\":\"EntryPoint\",\"urlTemplate\":\"https:\/\/bctec.cl\/?s={search_term_string}\"},\"query-input\":{\"@type\":\"PropertyValueSpecification\",\"valueRequired\":true,\"valueName\":\"search_term_string\"}}],\"inLanguage\":\"en-US\"},{\"@type\":\"Organization\",\"@id\":\"https:\/\/bctec.cl\/#organization\",\"name\":\"BCTEC Ingenier\u00eda y Tecnolog\u00eda\",\"url\":\"https:\/\/bctec.cl\/\",\"logo\":{\"@type\":\"ImageObject\",\"inLanguage\":\"en-US\",\"@id\":\"https:\/\/bctec.cl\/#\/schema\/logo\/image\/\",\"url\":\"https:\/\/bctec.cl\/wp-content\/uploads\/2022\/12\/bctec_logo.png\",\"contentUrl\":\"https:\/\/bctec.cl\/wp-content\/uploads\/2022\/12\/bctec_logo.png\",\"width\":268,\"height\":100,\"caption\":\"BCTEC Ingenier\u00eda y Tecnolog\u00eda\"},\"image\":{\"@id\":\"https:\/\/bctec.cl\/#\/schema\/logo\/image\/\"},\"sameAs\":[\"https:\/\/www.linkedin.com\/company\/bctec-engineering-and-technology\/posts\/?feedView=all\"]}]}<\/script>\n<!-- \/ Yoast SEO plugin. -->","yoast_head_json":{"title":"[:es]Dise\u00f1o de sistemas de ventilaci\u00f3n[:en]Ventilation System Design[:] - Ingenier\u00eda y Tecnolog\u00eda para Miner\u00eda Subterr\u00e1nea","robots":{"index":"index","follow":"follow","max-snippet":"max-snippet:-1","max-image-preview":"max-image-preview:large","max-video-preview":"max-video-preview:-1"},"canonical":"https:\/\/bctec.cl\/english-stability-assessment\/","og_locale":"en_US","og_type":"article","og_title":"[:es]Dise\u00f1o de sistemas de ventilaci\u00f3n[:en]Ventilation System Design[:] - Ingenier\u00eda y Tecnolog\u00eda para Miner\u00eda Subterr\u00e1nea","og_description":"[vc_row][vc_column width=&#8221;1\/2&#8243;][vc_column_text] We perform mine ventilation studies and design systems that respond to the specific requirements of the mining project including. ...","og_url":"https:\/\/bctec.cl\/english-stability-assessment\/","og_site_name":"Ingenier\u00eda y Tecnolog\u00eda para Miner\u00eda Subterr\u00e1nea","article_modified_time":"2025-01-15T13:16:40+00:00","twitter_card":"summary_large_image","twitter_misc":{"Est. reading time":"1 minute"},"schema":{"@context":"https:\/\/schema.org","@graph":[{"@type":"WebPage","@id":"https:\/\/bctec.cl\/english-stability-assessment\/","url":"https:\/\/bctec.cl\/english-stability-assessment\/","name":"[:es]Dise\u00f1o de sistemas de ventilaci\u00f3n[:en]Ventilation System Design[:] - Ingenier\u00eda y Tecnolog\u00eda para Miner\u00eda Subterr\u00e1nea","isPartOf":{"@id":"https:\/\/bctec.cl\/#website"},"datePublished":"2020-10-30T17:00:29+00:00","dateModified":"2025-01-15T13:16:40+00:00","breadcrumb":{"@id":"https:\/\/bctec.cl\/english-stability-assessment\/#breadcrumb"},"inLanguage":"en-US","potentialAction":[{"@type":"ReadAction","target":["https:\/\/bctec.cl\/english-stability-assessment\/"]}]},{"@type":"BreadcrumbList","@id":"https:\/\/bctec.cl\/english-stability-assessment\/#breadcrumb","itemListElement":[{"@type":"ListItem","position":1,"name":"Portada","item":"https:\/\/bctec.cl\/"},{"@type":"ListItem","position":2,"name":"Dise\u00f1o de sistemas de ventilaci\u00f3n"}]},{"@type":"WebSite","@id":"https:\/\/bctec.cl\/#website","url":"https:\/\/bctec.cl\/","name":"BCTEC Ingenier\u00eda y Tecnolog\u00eda","description":"BCTEC Ingenier\u00eda y Tecnolog\u00eda","publisher":{"@id":"https:\/\/bctec.cl\/#organization"},"potentialAction":[{"@type":"SearchAction","target":{"@type":"EntryPoint","urlTemplate":"https:\/\/bctec.cl\/?s={search_term_string}"},"query-input":{"@type":"PropertyValueSpecification","valueRequired":true,"valueName":"search_term_string"}}],"inLanguage":"en-US"},{"@type":"Organization","@id":"https:\/\/bctec.cl\/#organization","name":"BCTEC Ingenier\u00eda y Tecnolog\u00eda","url":"https:\/\/bctec.cl\/","logo":{"@type":"ImageObject","inLanguage":"en-US","@id":"https:\/\/bctec.cl\/#\/schema\/logo\/image\/","url":"https:\/\/bctec.cl\/wp-content\/uploads\/2022\/12\/bctec_logo.png","contentUrl":"https:\/\/bctec.cl\/wp-content\/uploads\/2022\/12\/bctec_logo.png","width":268,"height":100,"caption":"BCTEC Ingenier\u00eda y Tecnolog\u00eda"},"image":{"@id":"https:\/\/bctec.cl\/#\/schema\/logo\/image\/"},"sameAs":["https:\/\/www.linkedin.com\/company\/bctec-engineering-and-technology\/posts\/?feedView=all"]}]}},"_links":{"self":[{"href":"https:\/\/bctec.cl\/en\/wp-json\/wp\/v2\/pages\/2700","targetHints":{"allow":["GET"]}}],"collection":[{"href":"https:\/\/bctec.cl\/en\/wp-json\/wp\/v2\/pages"}],"about":[{"href":"https:\/\/bctec.cl\/en\/wp-json\/wp\/v2\/types\/page"}],"author":[{"embeddable":true,"href":"https:\/\/bctec.cl\/en\/wp-json\/wp\/v2\/users\/1"}],"replies":[{"embeddable":true,"href":"https:\/\/bctec.cl\/en\/wp-json\/wp\/v2\/comments?post=2700"}],"version-history":[{"count":32,"href":"https:\/\/bctec.cl\/en\/wp-json\/wp\/v2\/pages\/2700\/revisions"}],"predecessor-version":[{"id":5055,"href":"https:\/\/bctec.cl\/en\/wp-json\/wp\/v2\/pages\/2700\/revisions\/5055"}],"wp:attachment":[{"href":"https:\/\/bctec.cl\/en\/wp-json\/wp\/v2\/media?parent=2700"}],"curies":[{"name":"wp","href":"https:\/\/api.w.org\/{rel}","templated":true}]}}