{"id":2696,"date":"2020-10-30T16:57:07","date_gmt":"2020-10-30T16:57:07","guid":{"rendered":"https:\/\/bctec.cl\/?page_id=2696"},"modified":"2026-04-01T16:42:37","modified_gmt":"2026-04-01T16:42:37","slug":"english-numerical-modelling","status":"publish","type":"page","link":"https:\/\/bctec.cl\/en\/english-numerical-modelling\/","title":{"rendered":"Numerical Modeling in Rock Mechanics"},"content":{"rendered":"<p>[vc_row][vc_column width=&#8221;1\/2&#8243;]\n\t<div class=\"custom-heading wpb_content_element \">\n\t\t<h2 class=\"heading-title\" >Numerical Modeling in Rock Mechanics<\/p>\n<p><\/h2>\n\t\t<span class=\"heading-line primary\"><\/span>\n\t<\/div>[vc_column_text]<\/p>\n<h4>At BCTEC we perform numerical studies with advanced methods of rock and particle mechanics to effectively evaluate the stability of excavations and productivity for different mining design alternatives, including<\/h4>\n<h4>&#8211; Evaluation of Slope stability<\/h4>\n<h4>&#8211; Evaluation of waste dump stability<\/h4>\n<h4>&#8211; Underground excavation stability evaluation<\/h4>\n<h4>&#8211; Numerical modeling in geomechanics, using RS2 and RS3 software.<\/h4>\n<h4>&#8211; Use of FLAC3D software to evaluate the propagation of the Caving in<br \/>\n<span style=\"color: #000000;\">&#8211;<\/span> underground mines.<\/h4>\n<p>[\/vc_column_text][vc_btn title=&#8221;BACK&#8221; style=&#8221;classic&#8221; shape=&#8221;square&#8221; color=&#8221;warning&#8221; link=&#8221;url:https%3A%2F%2Fbctec.cl%2Fen%2Fservicios%2F|||&#8221;][vc_column_text]<\/p>\n<h1><strong>Numerical Modeling in Rock Mechanics<\/strong><\/h1>\n<p>[\/vc_column_text][\/vc_column][vc_column width=&#8221;1\/2&#8243;][vc_single_image image=&#8221;3720&#8243; img_size=&#8221;large&#8221; alignment=&#8221;center&#8221;][\/vc_column][\/vc_row]<\/p>","protected":false},"excerpt":{"rendered":"<p>At BCTEC we perform numerical studies with advanced methods of rock and particle mechanics to effectively evaluate the stability of excavations and productivity for different mining design alternatives.<\/p>\n","protected":false},"author":1,"featured_media":0,"parent":0,"menu_order":0,"comment_status":"closed","ping_status":"closed","template":"","meta":{"footnotes":""},"class_list":["post-2696","page","type-page","status-publish","hentry"],"featured_image_src":null,"yoast_head":"<!-- This site is optimized with the Yoast SEO plugin v26.9 - https:\/\/yoast.com\/product\/yoast-seo-wordpress\/ -->\n<title>Numerical Modeling in Rock Mechanics - Ingenier\u00eda y Tecnolog\u00eda para Miner\u00eda Subterr\u00e1nea<\/title>\n<meta name=\"description\" content=\"En BCTEC realiza estudios num\u00e9ricos con m\u00e9todos avanzados de mec\u00e1nica de rocas y part\u00edculas para evaluar estabilidad y productividad minera.\" \/>\n<meta name=\"robots\" content=\"index, follow, max-snippet:-1, max-image-preview:large, max-video-preview:-1\" \/>\n<link rel=\"canonical\" href=\"https:\/\/bctec.cl\/english-numerical-modelling\/\" \/>\n<meta property=\"og:locale\" content=\"en_US\" \/>\n<meta property=\"og:type\" content=\"article\" \/>\n<meta property=\"og:title\" content=\"[:es]Modelamiento num\u00e9rico en mec\u00e1nica de rocas[:en]Numerical Modeling in Rock Mechanics[:] - Ingenier\u00eda y Tecnolog\u00eda para Miner\u00eda Subterr\u00e1nea\" \/>\n<meta property=\"og:description\" content=\"En BCTEC realiza estudios num\u00e9ricos con m\u00e9todos avanzados de mec\u00e1nica de rocas y part\u00edculas para evaluar estabilidad y productividad minera.\" \/>\n<meta property=\"og:url\" content=\"https:\/\/bctec.cl\/english-numerical-modelling\/\" \/>\n<meta property=\"og:site_name\" content=\"Ingenier\u00eda y Tecnolog\u00eda para Miner\u00eda Subterr\u00e1nea\" \/>\n<meta property=\"article:modified_time\" content=\"2026-04-01T16:42:37+00:00\" \/>\n<meta name=\"twitter:card\" content=\"summary_large_image\" \/>\n<meta name=\"twitter:label1\" content=\"Est. reading time\" \/>\n\t<meta name=\"twitter:data1\" content=\"1 minute\" \/>\n<script type=\"application\/ld+json\" class=\"yoast-schema-graph\">{\"@context\":\"https:\/\/schema.org\",\"@graph\":[{\"@type\":\"WebPage\",\"@id\":\"https:\/\/bctec.cl\/english-numerical-modelling\/\",\"url\":\"https:\/\/bctec.cl\/english-numerical-modelling\/\",\"name\":\"[:es]Modelamiento num\u00e9rico en mec\u00e1nica de rocas[:en]Numerical Modeling in Rock Mechanics[:] - Ingenier\u00eda y Tecnolog\u00eda para Miner\u00eda Subterr\u00e1nea\",\"isPartOf\":{\"@id\":\"https:\/\/bctec.cl\/#website\"},\"datePublished\":\"2020-10-30T16:57:07+00:00\",\"dateModified\":\"2026-04-01T16:42:37+00:00\",\"description\":\"En BCTEC realiza estudios num\u00e9ricos con m\u00e9todos avanzados de mec\u00e1nica de rocas y part\u00edculas para evaluar estabilidad y productividad minera.\",\"breadcrumb\":{\"@id\":\"https:\/\/bctec.cl\/english-numerical-modelling\/#breadcrumb\"},\"inLanguage\":\"en-US\",\"potentialAction\":[{\"@type\":\"ReadAction\",\"target\":[\"https:\/\/bctec.cl\/english-numerical-modelling\/\"]}]},{\"@type\":\"BreadcrumbList\",\"@id\":\"https:\/\/bctec.cl\/english-numerical-modelling\/#breadcrumb\",\"itemListElement\":[{\"@type\":\"ListItem\",\"position\":1,\"name\":\"Portada\",\"item\":\"https:\/\/bctec.cl\/\"},{\"@type\":\"ListItem\",\"position\":2,\"name\":\"Modelamiento num\u00e9rico en mec\u00e1nica de rocas\"}]},{\"@type\":\"WebSite\",\"@id\":\"https:\/\/bctec.cl\/#website\",\"url\":\"https:\/\/bctec.cl\/\",\"name\":\"BCTEC Ingenier\u00eda y Tecnolog\u00eda\",\"description\":\"BCTEC Ingenier\u00eda y Tecnolog\u00eda\",\"publisher\":{\"@id\":\"https:\/\/bctec.cl\/#organization\"},\"potentialAction\":[{\"@type\":\"SearchAction\",\"target\":{\"@type\":\"EntryPoint\",\"urlTemplate\":\"https:\/\/bctec.cl\/?s={search_term_string}\"},\"query-input\":{\"@type\":\"PropertyValueSpecification\",\"valueRequired\":true,\"valueName\":\"search_term_string\"}}],\"inLanguage\":\"en-US\"},{\"@type\":\"Organization\",\"@id\":\"https:\/\/bctec.cl\/#organization\",\"name\":\"BCTEC Ingenier\u00eda y Tecnolog\u00eda\",\"url\":\"https:\/\/bctec.cl\/\",\"logo\":{\"@type\":\"ImageObject\",\"inLanguage\":\"en-US\",\"@id\":\"https:\/\/bctec.cl\/#\/schema\/logo\/image\/\",\"url\":\"https:\/\/bctec.cl\/wp-content\/uploads\/2022\/12\/bctec_logo.png\",\"contentUrl\":\"https:\/\/bctec.cl\/wp-content\/uploads\/2022\/12\/bctec_logo.png\",\"width\":268,\"height\":100,\"caption\":\"BCTEC Ingenier\u00eda y Tecnolog\u00eda\"},\"image\":{\"@id\":\"https:\/\/bctec.cl\/#\/schema\/logo\/image\/\"},\"sameAs\":[\"https:\/\/www.linkedin.com\/company\/bctec-engineering-and-technology\/posts\/?feedView=all\"]}]}<\/script>\n<!-- \/ Yoast SEO plugin. -->","yoast_head_json":{"title":"[:es]Modelamiento num\u00e9rico en mec\u00e1nica de rocas[:en]Numerical Modeling in Rock Mechanics[:] - Ingenier\u00eda y Tecnolog\u00eda para Miner\u00eda Subterr\u00e1nea","description":"En BCTEC realiza estudios num\u00e9ricos con m\u00e9todos avanzados de mec\u00e1nica de rocas y part\u00edculas para evaluar estabilidad y productividad minera.","robots":{"index":"index","follow":"follow","max-snippet":"max-snippet:-1","max-image-preview":"max-image-preview:large","max-video-preview":"max-video-preview:-1"},"canonical":"https:\/\/bctec.cl\/english-numerical-modelling\/","og_locale":"en_US","og_type":"article","og_title":"[:es]Modelamiento num\u00e9rico en mec\u00e1nica de rocas[:en]Numerical Modeling in Rock Mechanics[:] - Ingenier\u00eda y Tecnolog\u00eda para Miner\u00eda Subterr\u00e1nea","og_description":"En BCTEC realiza estudios num\u00e9ricos con m\u00e9todos avanzados de mec\u00e1nica de rocas y part\u00edculas para evaluar estabilidad y productividad minera.","og_url":"https:\/\/bctec.cl\/english-numerical-modelling\/","og_site_name":"Ingenier\u00eda y Tecnolog\u00eda para Miner\u00eda Subterr\u00e1nea","article_modified_time":"2026-04-01T16:42:37+00:00","twitter_card":"summary_large_image","twitter_misc":{"Est. reading time":"1 minute"},"schema":{"@context":"https:\/\/schema.org","@graph":[{"@type":"WebPage","@id":"https:\/\/bctec.cl\/english-numerical-modelling\/","url":"https:\/\/bctec.cl\/english-numerical-modelling\/","name":"[:es]Modelamiento num\u00e9rico en mec\u00e1nica de rocas[:en]Numerical Modeling in Rock Mechanics[:] - Ingenier\u00eda y Tecnolog\u00eda para Miner\u00eda Subterr\u00e1nea","isPartOf":{"@id":"https:\/\/bctec.cl\/#website"},"datePublished":"2020-10-30T16:57:07+00:00","dateModified":"2026-04-01T16:42:37+00:00","description":"En BCTEC realiza estudios num\u00e9ricos con m\u00e9todos avanzados de mec\u00e1nica de rocas y part\u00edculas para evaluar estabilidad y productividad minera.","breadcrumb":{"@id":"https:\/\/bctec.cl\/english-numerical-modelling\/#breadcrumb"},"inLanguage":"en-US","potentialAction":[{"@type":"ReadAction","target":["https:\/\/bctec.cl\/english-numerical-modelling\/"]}]},{"@type":"BreadcrumbList","@id":"https:\/\/bctec.cl\/english-numerical-modelling\/#breadcrumb","itemListElement":[{"@type":"ListItem","position":1,"name":"Portada","item":"https:\/\/bctec.cl\/"},{"@type":"ListItem","position":2,"name":"Modelamiento num\u00e9rico en mec\u00e1nica de rocas"}]},{"@type":"WebSite","@id":"https:\/\/bctec.cl\/#website","url":"https:\/\/bctec.cl\/","name":"BCTEC Ingenier\u00eda y Tecnolog\u00eda","description":"BCTEC Ingenier\u00eda y Tecnolog\u00eda","publisher":{"@id":"https:\/\/bctec.cl\/#organization"},"potentialAction":[{"@type":"SearchAction","target":{"@type":"EntryPoint","urlTemplate":"https:\/\/bctec.cl\/?s={search_term_string}"},"query-input":{"@type":"PropertyValueSpecification","valueRequired":true,"valueName":"search_term_string"}}],"inLanguage":"en-US"},{"@type":"Organization","@id":"https:\/\/bctec.cl\/#organization","name":"BCTEC Ingenier\u00eda y Tecnolog\u00eda","url":"https:\/\/bctec.cl\/","logo":{"@type":"ImageObject","inLanguage":"en-US","@id":"https:\/\/bctec.cl\/#\/schema\/logo\/image\/","url":"https:\/\/bctec.cl\/wp-content\/uploads\/2022\/12\/bctec_logo.png","contentUrl":"https:\/\/bctec.cl\/wp-content\/uploads\/2022\/12\/bctec_logo.png","width":268,"height":100,"caption":"BCTEC Ingenier\u00eda y Tecnolog\u00eda"},"image":{"@id":"https:\/\/bctec.cl\/#\/schema\/logo\/image\/"},"sameAs":["https:\/\/www.linkedin.com\/company\/bctec-engineering-and-technology\/posts\/?feedView=all"]}]}},"_links":{"self":[{"href":"https:\/\/bctec.cl\/en\/wp-json\/wp\/v2\/pages\/2696","targetHints":{"allow":["GET"]}}],"collection":[{"href":"https:\/\/bctec.cl\/en\/wp-json\/wp\/v2\/pages"}],"about":[{"href":"https:\/\/bctec.cl\/en\/wp-json\/wp\/v2\/types\/page"}],"author":[{"embeddable":true,"href":"https:\/\/bctec.cl\/en\/wp-json\/wp\/v2\/users\/1"}],"replies":[{"embeddable":true,"href":"https:\/\/bctec.cl\/en\/wp-json\/wp\/v2\/comments?post=2696"}],"version-history":[{"count":29,"href":"https:\/\/bctec.cl\/en\/wp-json\/wp\/v2\/pages\/2696\/revisions"}],"predecessor-version":[{"id":5562,"href":"https:\/\/bctec.cl\/en\/wp-json\/wp\/v2\/pages\/2696\/revisions\/5562"}],"wp:attachment":[{"href":"https:\/\/bctec.cl\/en\/wp-json\/wp\/v2\/media?parent=2696"}],"curies":[{"name":"wp","href":"https:\/\/api.w.org\/{rel}","templated":true}]}}