{"id":2679,"date":"2020-10-30T03:33:46","date_gmt":"2020-10-30T03:33:46","guid":{"rendered":"https:\/\/bctec.cl\/?page_id=2679"},"modified":"2026-02-18T13:15:45","modified_gmt":"2026-02-18T13:15:45","slug":"estimacion-de-recursos","status":"publish","type":"page","link":"https:\/\/bctec.cl\/en\/estimacion-de-recursos\/","title":{"rendered":"Resources Estimation and geotechnical modelling"},"content":{"rendered":"<p>[vc_row][vc_column width=&#8221;1\/2&#8243;][vc_column_text]<\/p>\n<h1><strong>Resource Estimation and Geotechnical Modeling<\/strong><\/h1>\n<p>[\/vc_column_text][vc_separator color=&#8221;orange&#8221; align=&#8221;align_left&#8221; border_width=&#8221;2&#8243; el_width=&#8221;10&#8243;][vc_column_text]<\/p>\n<h4>At BCTEC we have vast experience in the evaluation of mineral deposits with experts in the areas of geostatistics and geotechnics. Our team delivers reliable and accurate ore grade estimates of the rock mass competence to the highest standard, which including the following:<\/h4>\n<h4>&#8211; Evaluation of deposit<\/h4>\n<h4>&#8211; Grade recovery recommendations<\/h4>\n<h4>&#8211; Evaluation of caving propagation with geomechanics<\/h4>\n<h4>&#8211; Evaluation of pit slope stability<\/h4>\n<h4>&#8211; Evaluation of stability in underground development.<\/h4>\n<p>[\/vc_column_text][vc_btn title=&#8221;BACK&#8221; style=&#8221;classic&#8221; shape=&#8221;square&#8221; color=&#8221;warning&#8221; link=&#8221;url:https%3A%2F%2Fbctec.cl%2Fen%2Fservicios%2F|||&#8221;][\/vc_column][vc_column width=&#8221;1\/2&#8243;][vc_single_image image=&#8221;3035&#8243; img_size=&#8221;large&#8221; alignment=&#8221;center&#8221;][\/vc_column][\/vc_row]<\/p>","protected":false},"excerpt":{"rendered":"<p>At BCTEC we have vast experience in the evaluation of mineral deposits with experts in the areas of geostatistics and geotechnics. Our team delivers reliable and accurate ore grade estimates of the rock mass competence to the highest standard, which including the following:<\/p>\n","protected":false},"author":1,"featured_media":0,"parent":0,"menu_order":0,"comment_status":"closed","ping_status":"closed","template":"","meta":{"footnotes":""},"class_list":["post-2679","page","type-page","status-publish","hentry"],"featured_image_src":null,"yoast_head":"<!-- This site is optimized with the Yoast SEO plugin v26.9 - https:\/\/yoast.com\/product\/yoast-seo-wordpress\/ -->\n<title>Resources Estimation and geotechnical modelling  - Ingenier\u00eda y Tecnolog\u00eda para Miner\u00eda Subterr\u00e1nea<\/title>\n<meta name=\"description\" content=\"En BCTEC tenemos una amplia experiencia en la evaluaci\u00f3n de yacimientos minerales con expertos en las \u00e1reas de geoestad\u00edstica y geotecnia\" \/>\n<meta name=\"robots\" content=\"index, follow, max-snippet:-1, max-image-preview:large, max-video-preview:-1\" \/>\n<link rel=\"canonical\" href=\"https:\/\/bctec.cl\/estimacion-de-recursos\/\" \/>\n<meta property=\"og:locale\" content=\"en_US\" \/>\n<meta property=\"og:type\" content=\"article\" \/>\n<meta property=\"og:title\" content=\"[:es]Estimaci\u00f3n de Recursos y Modelamiento Geot\u00e9cnico[:en]Resources Estimation and geotechnical modelling [:] - Ingenier\u00eda y Tecnolog\u00eda para Miner\u00eda Subterr\u00e1nea\" \/>\n<meta property=\"og:description\" content=\"En BCTEC tenemos una amplia experiencia en la evaluaci\u00f3n de yacimientos minerales con expertos en las \u00e1reas de geoestad\u00edstica y geotecnia\" \/>\n<meta property=\"og:url\" content=\"https:\/\/bctec.cl\/estimacion-de-recursos\/\" \/>\n<meta property=\"og:site_name\" content=\"Ingenier\u00eda y Tecnolog\u00eda para Miner\u00eda Subterr\u00e1nea\" \/>\n<meta property=\"article:modified_time\" content=\"2026-02-18T13:15:45+00:00\" \/>\n<meta name=\"twitter:card\" content=\"summary_large_image\" \/>\n<meta name=\"twitter:label1\" content=\"Est. reading time\" \/>\n\t<meta name=\"twitter:data1\" content=\"1 minute\" \/>\n<script type=\"application\/ld+json\" class=\"yoast-schema-graph\">{\"@context\":\"https:\/\/schema.org\",\"@graph\":[{\"@type\":\"WebPage\",\"@id\":\"https:\/\/bctec.cl\/estimacion-de-recursos\/\",\"url\":\"https:\/\/bctec.cl\/estimacion-de-recursos\/\",\"name\":\"[:es]Estimaci\u00f3n de Recursos y Modelamiento Geot\u00e9cnico[:en]Resources Estimation and geotechnical modelling [:] - Ingenier\u00eda y Tecnolog\u00eda para Miner\u00eda Subterr\u00e1nea\",\"isPartOf\":{\"@id\":\"https:\/\/bctec.cl\/#website\"},\"datePublished\":\"2020-10-30T03:33:46+00:00\",\"dateModified\":\"2026-02-18T13:15:45+00:00\",\"description\":\"En BCTEC tenemos una amplia experiencia en la evaluaci\u00f3n de yacimientos minerales con expertos en las \u00e1reas de geoestad\u00edstica y geotecnia\",\"breadcrumb\":{\"@id\":\"https:\/\/bctec.cl\/estimacion-de-recursos\/#breadcrumb\"},\"inLanguage\":\"en-US\",\"potentialAction\":[{\"@type\":\"ReadAction\",\"target\":[\"https:\/\/bctec.cl\/estimacion-de-recursos\/\"]}]},{\"@type\":\"BreadcrumbList\",\"@id\":\"https:\/\/bctec.cl\/estimacion-de-recursos\/#breadcrumb\",\"itemListElement\":[{\"@type\":\"ListItem\",\"position\":1,\"name\":\"Portada\",\"item\":\"https:\/\/bctec.cl\/\"},{\"@type\":\"ListItem\",\"position\":2,\"name\":\"Estimaci\u00f3n de Recursos y Modelamiento Geot\u00e9cnico\"}]},{\"@type\":\"WebSite\",\"@id\":\"https:\/\/bctec.cl\/#website\",\"url\":\"https:\/\/bctec.cl\/\",\"name\":\"BCTEC Ingenier\u00eda y Tecnolog\u00eda\",\"description\":\"BCTEC Ingenier\u00eda y Tecnolog\u00eda\",\"publisher\":{\"@id\":\"https:\/\/bctec.cl\/#organization\"},\"potentialAction\":[{\"@type\":\"SearchAction\",\"target\":{\"@type\":\"EntryPoint\",\"urlTemplate\":\"https:\/\/bctec.cl\/?s={search_term_string}\"},\"query-input\":{\"@type\":\"PropertyValueSpecification\",\"valueRequired\":true,\"valueName\":\"search_term_string\"}}],\"inLanguage\":\"en-US\"},{\"@type\":\"Organization\",\"@id\":\"https:\/\/bctec.cl\/#organization\",\"name\":\"BCTEC Ingenier\u00eda y Tecnolog\u00eda\",\"url\":\"https:\/\/bctec.cl\/\",\"logo\":{\"@type\":\"ImageObject\",\"inLanguage\":\"en-US\",\"@id\":\"https:\/\/bctec.cl\/#\/schema\/logo\/image\/\",\"url\":\"https:\/\/bctec.cl\/wp-content\/uploads\/2022\/12\/bctec_logo.png\",\"contentUrl\":\"https:\/\/bctec.cl\/wp-content\/uploads\/2022\/12\/bctec_logo.png\",\"width\":268,\"height\":100,\"caption\":\"BCTEC Ingenier\u00eda y Tecnolog\u00eda\"},\"image\":{\"@id\":\"https:\/\/bctec.cl\/#\/schema\/logo\/image\/\"},\"sameAs\":[\"https:\/\/www.linkedin.com\/company\/bctec-engineering-and-technology\/posts\/?feedView=all\"]}]}<\/script>\n<!-- \/ Yoast SEO plugin. -->","yoast_head_json":{"title":"[:es]Estimaci\u00f3n de Recursos y Modelamiento Geot\u00e9cnico[:en]Resources Estimation and geotechnical modelling [:] - Ingenier\u00eda y Tecnolog\u00eda para Miner\u00eda Subterr\u00e1nea","description":"En BCTEC tenemos una amplia experiencia en la evaluaci\u00f3n de yacimientos minerales con expertos en las \u00e1reas de geoestad\u00edstica y geotecnia","robots":{"index":"index","follow":"follow","max-snippet":"max-snippet:-1","max-image-preview":"max-image-preview:large","max-video-preview":"max-video-preview:-1"},"canonical":"https:\/\/bctec.cl\/estimacion-de-recursos\/","og_locale":"en_US","og_type":"article","og_title":"[:es]Estimaci\u00f3n de Recursos y Modelamiento Geot\u00e9cnico[:en]Resources Estimation and geotechnical modelling [:] - Ingenier\u00eda y Tecnolog\u00eda para Miner\u00eda Subterr\u00e1nea","og_description":"En BCTEC tenemos una amplia experiencia en la evaluaci\u00f3n de yacimientos minerales con expertos en las \u00e1reas de geoestad\u00edstica y geotecnia","og_url":"https:\/\/bctec.cl\/estimacion-de-recursos\/","og_site_name":"Ingenier\u00eda y Tecnolog\u00eda para Miner\u00eda Subterr\u00e1nea","article_modified_time":"2026-02-18T13:15:45+00:00","twitter_card":"summary_large_image","twitter_misc":{"Est. reading time":"1 minute"},"schema":{"@context":"https:\/\/schema.org","@graph":[{"@type":"WebPage","@id":"https:\/\/bctec.cl\/estimacion-de-recursos\/","url":"https:\/\/bctec.cl\/estimacion-de-recursos\/","name":"[:es]Estimaci\u00f3n de Recursos y Modelamiento Geot\u00e9cnico[:en]Resources Estimation and geotechnical modelling [:] - Ingenier\u00eda y Tecnolog\u00eda para Miner\u00eda Subterr\u00e1nea","isPartOf":{"@id":"https:\/\/bctec.cl\/#website"},"datePublished":"2020-10-30T03:33:46+00:00","dateModified":"2026-02-18T13:15:45+00:00","description":"En BCTEC tenemos una amplia experiencia en la evaluaci\u00f3n de yacimientos minerales con expertos en las \u00e1reas de geoestad\u00edstica y geotecnia","breadcrumb":{"@id":"https:\/\/bctec.cl\/estimacion-de-recursos\/#breadcrumb"},"inLanguage":"en-US","potentialAction":[{"@type":"ReadAction","target":["https:\/\/bctec.cl\/estimacion-de-recursos\/"]}]},{"@type":"BreadcrumbList","@id":"https:\/\/bctec.cl\/estimacion-de-recursos\/#breadcrumb","itemListElement":[{"@type":"ListItem","position":1,"name":"Portada","item":"https:\/\/bctec.cl\/"},{"@type":"ListItem","position":2,"name":"Estimaci\u00f3n de Recursos y Modelamiento Geot\u00e9cnico"}]},{"@type":"WebSite","@id":"https:\/\/bctec.cl\/#website","url":"https:\/\/bctec.cl\/","name":"BCTEC Ingenier\u00eda y Tecnolog\u00eda","description":"BCTEC Ingenier\u00eda y Tecnolog\u00eda","publisher":{"@id":"https:\/\/bctec.cl\/#organization"},"potentialAction":[{"@type":"SearchAction","target":{"@type":"EntryPoint","urlTemplate":"https:\/\/bctec.cl\/?s={search_term_string}"},"query-input":{"@type":"PropertyValueSpecification","valueRequired":true,"valueName":"search_term_string"}}],"inLanguage":"en-US"},{"@type":"Organization","@id":"https:\/\/bctec.cl\/#organization","name":"BCTEC Ingenier\u00eda y Tecnolog\u00eda","url":"https:\/\/bctec.cl\/","logo":{"@type":"ImageObject","inLanguage":"en-US","@id":"https:\/\/bctec.cl\/#\/schema\/logo\/image\/","url":"https:\/\/bctec.cl\/wp-content\/uploads\/2022\/12\/bctec_logo.png","contentUrl":"https:\/\/bctec.cl\/wp-content\/uploads\/2022\/12\/bctec_logo.png","width":268,"height":100,"caption":"BCTEC Ingenier\u00eda y Tecnolog\u00eda"},"image":{"@id":"https:\/\/bctec.cl\/#\/schema\/logo\/image\/"},"sameAs":["https:\/\/www.linkedin.com\/company\/bctec-engineering-and-technology\/posts\/?feedView=all"]}]}},"_links":{"self":[{"href":"https:\/\/bctec.cl\/en\/wp-json\/wp\/v2\/pages\/2679","targetHints":{"allow":["GET"]}}],"collection":[{"href":"https:\/\/bctec.cl\/en\/wp-json\/wp\/v2\/pages"}],"about":[{"href":"https:\/\/bctec.cl\/en\/wp-json\/wp\/v2\/types\/page"}],"author":[{"embeddable":true,"href":"https:\/\/bctec.cl\/en\/wp-json\/wp\/v2\/users\/1"}],"replies":[{"embeddable":true,"href":"https:\/\/bctec.cl\/en\/wp-json\/wp\/v2\/comments?post=2679"}],"version-history":[{"count":31,"href":"https:\/\/bctec.cl\/en\/wp-json\/wp\/v2\/pages\/2679\/revisions"}],"predecessor-version":[{"id":5554,"href":"https:\/\/bctec.cl\/en\/wp-json\/wp\/v2\/pages\/2679\/revisions\/5554"}],"wp:attachment":[{"href":"https:\/\/bctec.cl\/en\/wp-json\/wp\/v2\/media?parent=2679"}],"curies":[{"name":"wp","href":"https:\/\/api.w.org\/{rel}","templated":true}]}}