{"id":2660,"date":"2020-10-29T02:59:47","date_gmt":"2020-10-29T02:59:47","guid":{"rendered":"https:\/\/bctec.cl\/?page_id=2660"},"modified":"2026-02-18T03:41:24","modified_gmt":"2026-02-18T03:41:24","slug":"english-drill-and-blast-design","status":"publish","type":"page","link":"https:\/\/bctec.cl\/en\/english-drill-and-blast-design\/","title":{"rendered":"Drill and Blast design"},"content":{"rendered":"<p>[vc_row][vc_column width=&#8221;1\/2&#8243;][vc_column_text]<\/p>\n<h1><strong>Blast Design<\/strong><\/h1>\n<p>[\/vc_column_text][vc_separator color=&#8221;orange&#8221; align=&#8221;align_left&#8221; border_width=&#8221;2&#8243; el_width=&#8221;10&#8243;][vc_column_text]<\/p>\n<h4>BCTEC&#8217;s team has the experience and capability to analyze, evaluate and optimize blast design with specialized software support to achieve efficient start-up, optimize fragmentation and reduce damage in the excavation environment, including<\/h4>\n<h4>&#8211; Blast Design and evaluation to obtain the desired geometry.<\/h4>\n<h4>&#8211; Proposal of blasting design to obtain adequate fragmentation and vibration.<\/h4>\n<h4>&#8211; Optimization of explosives.<\/h4>\n<h4>&#8211; Use of JKSimblast software.<\/h4>\n<p>[\/vc_column_text][vc_btn title=&#8221;BACK&#8221; style=&#8221;classic&#8221; shape=&#8221;square&#8221; color=&#8221;warning&#8221; link=&#8221;url:https%3A%2F%2Fbctec.cl%2Fservicios%2F|title:%5B%3Aes%5DServicios%20%5B%3Aen%5DServices%5B%3A%5D||&#8221;][\/vc_column][vc_column width=&#8221;1\/2&#8243;][vc_single_image image=&#8221;2822&#8243; img_size=&#8221;large&#8221; alignment=&#8221;center&#8221;][\/vc_column][\/vc_row]<\/p>","protected":false},"excerpt":{"rendered":"<p class=\"qtranxs-available-languages-message qtranxs-available-languages-message-en\">Sorry, this entry is only available in <a href=\"https:\/\/bctec.cl\/es\/wp-json\/wp\/v2\/pages\/2660\" class=\"qtranxs-available-language-link qtranxs-available-language-link-es\" title=\"Espa\u00f1ol\">Espa\u00f1ol<\/a>.<\/p>\n","protected":false},"author":1,"featured_media":0,"parent":0,"menu_order":0,"comment_status":"closed","ping_status":"closed","template":"","meta":{"footnotes":""},"class_list":["post-2660","page","type-page","status-publish","hentry"],"featured_image_src":null,"yoast_head":"<!-- This site is optimized with the Yoast SEO plugin v26.9 - https:\/\/yoast.com\/product\/yoast-seo-wordpress\/ -->\n<title>Drill and Blast design - Ingenier\u00eda y Tecnolog\u00eda para Miner\u00eda Subterr\u00e1nea<\/title>\n<meta name=\"description\" content=\"El equipo de BCTEC tiene la experiencia y la capacidad de analizar, evaluar y optimizar el dise\u00f1o de tronadura con el apoyo de software\" \/>\n<meta name=\"robots\" content=\"index, follow, max-snippet:-1, max-image-preview:large, max-video-preview:-1\" \/>\n<link rel=\"canonical\" href=\"https:\/\/bctec.cl\/english-drill-and-blast-design\/\" \/>\n<meta property=\"og:locale\" content=\"en_US\" \/>\n<meta property=\"og:type\" content=\"article\" \/>\n<meta property=\"og:title\" content=\"[:es]Dise\u00f1o de Tronaduras[:en]Drill and Blast design[:] - Ingenier\u00eda y Tecnolog\u00eda para Miner\u00eda Subterr\u00e1nea\" \/>\n<meta property=\"og:description\" content=\"El equipo de BCTEC tiene la experiencia y la capacidad de analizar, evaluar y optimizar el dise\u00f1o de tronadura con el apoyo de software\" \/>\n<meta property=\"og:url\" content=\"https:\/\/bctec.cl\/english-drill-and-blast-design\/\" \/>\n<meta property=\"og:site_name\" content=\"Ingenier\u00eda y Tecnolog\u00eda para Miner\u00eda Subterr\u00e1nea\" \/>\n<meta property=\"article:modified_time\" content=\"2026-02-18T03:41:24+00:00\" \/>\n<meta name=\"twitter:card\" content=\"summary_large_image\" \/>\n<meta name=\"twitter:label1\" content=\"Est. reading time\" \/>\n\t<meta name=\"twitter:data1\" content=\"1 minute\" \/>\n<script type=\"application\/ld+json\" class=\"yoast-schema-graph\">{\"@context\":\"https:\/\/schema.org\",\"@graph\":[{\"@type\":\"WebPage\",\"@id\":\"https:\/\/bctec.cl\/english-drill-and-blast-design\/\",\"url\":\"https:\/\/bctec.cl\/english-drill-and-blast-design\/\",\"name\":\"[:es]Dise\u00f1o de Tronaduras[:en]Drill and Blast design[:] - Ingenier\u00eda y Tecnolog\u00eda para Miner\u00eda Subterr\u00e1nea\",\"isPartOf\":{\"@id\":\"https:\/\/bctec.cl\/#website\"},\"datePublished\":\"2020-10-29T02:59:47+00:00\",\"dateModified\":\"2026-02-18T03:41:24+00:00\",\"description\":\"El equipo de BCTEC tiene la experiencia y la capacidad de analizar, evaluar y optimizar el dise\u00f1o de tronadura con el apoyo de software\",\"breadcrumb\":{\"@id\":\"https:\/\/bctec.cl\/english-drill-and-blast-design\/#breadcrumb\"},\"inLanguage\":\"en-US\",\"potentialAction\":[{\"@type\":\"ReadAction\",\"target\":[\"https:\/\/bctec.cl\/english-drill-and-blast-design\/\"]}]},{\"@type\":\"BreadcrumbList\",\"@id\":\"https:\/\/bctec.cl\/english-drill-and-blast-design\/#breadcrumb\",\"itemListElement\":[{\"@type\":\"ListItem\",\"position\":1,\"name\":\"Portada\",\"item\":\"https:\/\/bctec.cl\/\"},{\"@type\":\"ListItem\",\"position\":2,\"name\":\"Dise\u00f1o de Tronaduras\"}]},{\"@type\":\"WebSite\",\"@id\":\"https:\/\/bctec.cl\/#website\",\"url\":\"https:\/\/bctec.cl\/\",\"name\":\"BCTEC Ingenier\u00eda y Tecnolog\u00eda\",\"description\":\"BCTEC Ingenier\u00eda y Tecnolog\u00eda\",\"publisher\":{\"@id\":\"https:\/\/bctec.cl\/#organization\"},\"potentialAction\":[{\"@type\":\"SearchAction\",\"target\":{\"@type\":\"EntryPoint\",\"urlTemplate\":\"https:\/\/bctec.cl\/?s={search_term_string}\"},\"query-input\":{\"@type\":\"PropertyValueSpecification\",\"valueRequired\":true,\"valueName\":\"search_term_string\"}}],\"inLanguage\":\"en-US\"},{\"@type\":\"Organization\",\"@id\":\"https:\/\/bctec.cl\/#organization\",\"name\":\"BCTEC Ingenier\u00eda y Tecnolog\u00eda\",\"url\":\"https:\/\/bctec.cl\/\",\"logo\":{\"@type\":\"ImageObject\",\"inLanguage\":\"en-US\",\"@id\":\"https:\/\/bctec.cl\/#\/schema\/logo\/image\/\",\"url\":\"https:\/\/bctec.cl\/wp-content\/uploads\/2022\/12\/bctec_logo.png\",\"contentUrl\":\"https:\/\/bctec.cl\/wp-content\/uploads\/2022\/12\/bctec_logo.png\",\"width\":268,\"height\":100,\"caption\":\"BCTEC Ingenier\u00eda y Tecnolog\u00eda\"},\"image\":{\"@id\":\"https:\/\/bctec.cl\/#\/schema\/logo\/image\/\"},\"sameAs\":[\"https:\/\/www.linkedin.com\/company\/bctec-engineering-and-technology\/posts\/?feedView=all\"]}]}<\/script>\n<!-- \/ Yoast SEO plugin. -->","yoast_head_json":{"title":"[:es]Dise\u00f1o de Tronaduras[:en]Drill and Blast design[:] - Ingenier\u00eda y Tecnolog\u00eda para Miner\u00eda Subterr\u00e1nea","description":"El equipo de BCTEC tiene la experiencia y la capacidad de analizar, evaluar y optimizar el dise\u00f1o de tronadura con el apoyo de software","robots":{"index":"index","follow":"follow","max-snippet":"max-snippet:-1","max-image-preview":"max-image-preview:large","max-video-preview":"max-video-preview:-1"},"canonical":"https:\/\/bctec.cl\/english-drill-and-blast-design\/","og_locale":"en_US","og_type":"article","og_title":"[:es]Dise\u00f1o de Tronaduras[:en]Drill and Blast design[:] - Ingenier\u00eda y Tecnolog\u00eda para Miner\u00eda Subterr\u00e1nea","og_description":"El equipo de BCTEC tiene la experiencia y la capacidad de analizar, evaluar y optimizar el dise\u00f1o de tronadura con el apoyo de software","og_url":"https:\/\/bctec.cl\/english-drill-and-blast-design\/","og_site_name":"Ingenier\u00eda y Tecnolog\u00eda para Miner\u00eda Subterr\u00e1nea","article_modified_time":"2026-02-18T03:41:24+00:00","twitter_card":"summary_large_image","twitter_misc":{"Est. reading time":"1 minute"},"schema":{"@context":"https:\/\/schema.org","@graph":[{"@type":"WebPage","@id":"https:\/\/bctec.cl\/english-drill-and-blast-design\/","url":"https:\/\/bctec.cl\/english-drill-and-blast-design\/","name":"[:es]Dise\u00f1o de Tronaduras[:en]Drill and Blast design[:] - Ingenier\u00eda y Tecnolog\u00eda para Miner\u00eda Subterr\u00e1nea","isPartOf":{"@id":"https:\/\/bctec.cl\/#website"},"datePublished":"2020-10-29T02:59:47+00:00","dateModified":"2026-02-18T03:41:24+00:00","description":"El equipo de BCTEC tiene la experiencia y la capacidad de analizar, evaluar y optimizar el dise\u00f1o de tronadura con el apoyo de software","breadcrumb":{"@id":"https:\/\/bctec.cl\/english-drill-and-blast-design\/#breadcrumb"},"inLanguage":"en-US","potentialAction":[{"@type":"ReadAction","target":["https:\/\/bctec.cl\/english-drill-and-blast-design\/"]}]},{"@type":"BreadcrumbList","@id":"https:\/\/bctec.cl\/english-drill-and-blast-design\/#breadcrumb","itemListElement":[{"@type":"ListItem","position":1,"name":"Portada","item":"https:\/\/bctec.cl\/"},{"@type":"ListItem","position":2,"name":"Dise\u00f1o de Tronaduras"}]},{"@type":"WebSite","@id":"https:\/\/bctec.cl\/#website","url":"https:\/\/bctec.cl\/","name":"BCTEC Ingenier\u00eda y Tecnolog\u00eda","description":"BCTEC Ingenier\u00eda y Tecnolog\u00eda","publisher":{"@id":"https:\/\/bctec.cl\/#organization"},"potentialAction":[{"@type":"SearchAction","target":{"@type":"EntryPoint","urlTemplate":"https:\/\/bctec.cl\/?s={search_term_string}"},"query-input":{"@type":"PropertyValueSpecification","valueRequired":true,"valueName":"search_term_string"}}],"inLanguage":"en-US"},{"@type":"Organization","@id":"https:\/\/bctec.cl\/#organization","name":"BCTEC Ingenier\u00eda y Tecnolog\u00eda","url":"https:\/\/bctec.cl\/","logo":{"@type":"ImageObject","inLanguage":"en-US","@id":"https:\/\/bctec.cl\/#\/schema\/logo\/image\/","url":"https:\/\/bctec.cl\/wp-content\/uploads\/2022\/12\/bctec_logo.png","contentUrl":"https:\/\/bctec.cl\/wp-content\/uploads\/2022\/12\/bctec_logo.png","width":268,"height":100,"caption":"BCTEC Ingenier\u00eda y Tecnolog\u00eda"},"image":{"@id":"https:\/\/bctec.cl\/#\/schema\/logo\/image\/"},"sameAs":["https:\/\/www.linkedin.com\/company\/bctec-engineering-and-technology\/posts\/?feedView=all"]}]}},"_links":{"self":[{"href":"https:\/\/bctec.cl\/en\/wp-json\/wp\/v2\/pages\/2660","targetHints":{"allow":["GET"]}}],"collection":[{"href":"https:\/\/bctec.cl\/en\/wp-json\/wp\/v2\/pages"}],"about":[{"href":"https:\/\/bctec.cl\/en\/wp-json\/wp\/v2\/types\/page"}],"author":[{"embeddable":true,"href":"https:\/\/bctec.cl\/en\/wp-json\/wp\/v2\/users\/1"}],"replies":[{"embeddable":true,"href":"https:\/\/bctec.cl\/en\/wp-json\/wp\/v2\/comments?post=2660"}],"version-history":[{"count":20,"href":"https:\/\/bctec.cl\/en\/wp-json\/wp\/v2\/pages\/2660\/revisions"}],"predecessor-version":[{"id":5546,"href":"https:\/\/bctec.cl\/en\/wp-json\/wp\/v2\/pages\/2660\/revisions\/5546"}],"wp:attachment":[{"href":"https:\/\/bctec.cl\/en\/wp-json\/wp\/v2\/media?parent=2660"}],"curies":[{"name":"wp","href":"https:\/\/api.w.org\/{rel}","templated":true}]}}